{"id":8597,"date":"2022-12-21T09:47:11","date_gmt":"2022-12-21T09:47:11","guid":{"rendered":"https:\/\/www.leushko.com\/?page_id=8597"},"modified":"2023-02-11T19:57:12","modified_gmt":"2023-02-11T19:57:12","slug":"leov-pribeh","status":"publish","type":"page","link":"https:\/\/www.leushko.com\/sk\/leov-pribeh\/","title":{"rendered":"Leov pr\u00edbeh"},"content":{"rendered":"<section class=\"wpb-content-wrapper\"><p>[vc_row el_id=&#8220;my_world&#8220; mobile_bg_img_hidden=&#8220;no&#8220; tablet_bg_img_hidden=&#8220;no&#8220; woodmart_parallax=&#8220;0&#8243; woodmart_gradient_switch=&#8220;no&#8220; row_reverse_mobile=&#8220;0&#8243; row_reverse_tablet=&#8220;0&#8243; woodmart_disable_overflow=&#8220;0&#8243; css=&#8220;.vc_custom_1660645211722{padding-top: 120px !important;padding-bottom: 80px !important;}&#8220; el_class=&#8220;ocami-rodica&#8220;][vc_column width=&#8220;1\/2&#8243;]\t\t\t<div id=\"wd-63a2d64e26a1e\" class=\"wd-text-block-wrapper wd-wpb wd-rs-63a2d64e26a1e color-scheme-custom text-left vc_custom_1671616080373 gluten-font\">\n\t\t\t\t<div class=\"woodmart-title-container woodmart-text-block reset-last-child font-primary wd-font-weight-400 \">\n\t\t\t\t\tM\u00f4j pr\u00edbeh\t\t\t\t<\/div>\n\n\t\t\t\t\t\t\t<\/div>\n\t\t\t\t\t<div id=\"wd-63c0718f0e27a\" class=\"wd-text-block-wrapper wd-wpb wd-rs-63c0718f0e27a color-scheme-custom text-left vc_custom_1673556479754\">\n\t\t\t\t<div class=\"woodmart-title-container woodmart-text-block reset-last-child font-primary wd-font-weight-400 \">\n\t\t\t\t\t<span style=\"font-weight: 400;\">Vol\u00e1m sa Leo a narodil som sa do tohto kr\u00e1sneho a zauj\u00edmav\u00e9ho sveta 23.08.2021. Rodi\u010dia hovoria, \u017ee som to naj\u00fa\u017easnej\u0161ie die\u0165atko\/ b\u00e1b\u00e4tko na svete, ale po\u010dul som na ihrisku aj pri ko\u010d\u00edkovan\u00ed, \u017ee my v\u0161etky deti sme \u00fa\u017easn\u00e9 pre na\u0161u rodinu ako aj pre cel\u00fd svet. Len moju maminku tr\u00e1pi to, \u017ee som na tento svet nepri\u0161iel v sto percentnej zdravotnej kond\u00edcii. \u010co je to kond\u00edcia, to ja veru e\u0161te neviem, o tej by V\u00e1m vedeli hovori\u0165 moji rodi\u010dia, pri mojom ve\u010dnom nesp\u00e1nku, mo\u017eno sp\u00f4sobenom pr\u00e1ve n\u00e1v\u0161tevou mnoh\u00fdch \u013eud\u00ed, ktor\u00ed na m\u0148a pozeraj\u00fa a radia tatinkovi a mamine ako so mnou cvi\u010di\u0165. Samotn\u00ed lek\u00e1ri toti\u017eto presne nevedia prav\u00fa pr\u00ed\u010dinu m\u00f4jho zdravotn\u00e9ho stavu. Dospel\u00e1ci tomu hovoria vroden\u00e1 v\u00fdvojov\u00e1 vada. Mil\u00e9 deti, ale ako som na za\u010diatku hovoril ka\u017ed\u00fd z n\u00e1s je \u0161peci\u00e1lny, \u0161peci\u00e1lna \/ v\u00fdnimo\u010dn\u00fd, v\u00fdnimo\u010dn\u00e1.<\/span>\t\t\t\t<\/div>\n\n\t\t\t\t\t\t\t<\/div>\n\t\t<div id=\"wd-63e7f3083efd3\" class=\" wd-rs-63e7f3083efd3  wd-button-wrapper text-center inline-element\"><a href=\"https:\/\/www.leushko.com\/sk\/pomoct\/\" title=\"Pom\u00f4c\u0165\" class=\"btn btn-scheme-light btn-scheme-hover-light btn-style-bordered btn-style-round btn-size-extra-large blue-btn\">Poskytn\u00fa\u0165 pomoc<\/a><\/div>\t\t\t<div id=\"wd-63c072161828c\" class=\"wd-text-block-wrapper wd-wpb wd-rs-63c072161828c color-scheme-custom text-left vc_custom_1673556576108\">\n\t\t\t\t<div class=\"woodmart-title-container woodmart-text-block reset-last-child font-primary wd-font-weight-400 \">\n\t\t\t\t\t<span style=\"font-weight: 400;\">Ja viem len to\u013eko, \u017ee mi ch\u00fdba ve\u013ek\u00e1 \u010das\u0165 pravej no\u017ei\u010dky a tatino mi hovor\u00ed, \u017ee mus\u00edm ve\u013ea cvi\u010di\u0165, aby sme ni\u010d nezanedbali, maminka sa o m\u0148a star\u00e1 a sama do posledn\u00e9ho d\u0148a nevedela, \u017ee sa jej narod\u00edm tak\u00fdto &#8211; \u0161peci\u00e1lny. Doktori jej toti\u017e pri ka\u017edej kontrole vraveli, \u017ee je v\u0161etko v poriadku a moje miery s\u00fa ide\u00e1lne a vari nie, u\u017e aj idem nie\u010do povym\u00fd\u0161\u013ea\u0165, nech maj\u00fa zo m\u0148a rodi\u010dia op\u00e4\u0165 rados\u0165 <\/span><span style=\"font-weight: 400;\">\ud83d\ude0a<\/span>\t\t\t\t<\/div>\n\n\t\t\t\t\t\t\t<\/div>\n\t\t[\/vc_column][vc_column width=&#8220;1\/2&#8243;][vc_single_image image=&#8220;8480&#8243; img_size=&#8220;full&#8220; alignment=&#8220;right&#8220; woodmart_inline=&#8220;no&#8220; parallax_scroll=&#8220;no&#8220;][\/vc_column][\/vc_row][vc_row mobile_bg_img_hidden=&#8220;no&#8220; tablet_bg_img_hidden=&#8220;no&#8220; woodmart_parallax=&#8220;0&#8243; woodmart_gradient_switch=&#8220;no&#8220; row_reverse_mobile=&#8220;1&#8243; row_reverse_tablet=&#8220;0&#8243; woodmart_disable_overflow=&#8220;0&#8243; css=&#8220;.vc_custom_1660646154520{padding-bottom: 40px !important;}&#8220; el_class=&#8220;ocami-rodicov&#8220;][vc_column width=&#8220;1\/2&#8243;][vc_single_image image=&#8220;8481&#8243; img_size=&#8220;full&#8220; alignment=&#8220;right&#8220; woodmart_inline=&#8220;no&#8220; parallax_scroll=&#8220;no&#8220;][\/vc_column][vc_column width=&#8220;1\/2&#8243;]\t\t\t<div id=\"wd-63c07070d93e2\" class=\"wd-text-block-wrapper wd-wpb wd-rs-63c07070d93e2 color-scheme-custom text-left vc_custom_1673556097554\">\n\t\t\t\t<div class=\"woodmart-title-container woodmart-text-block reset-last-child font-primary wd-font-weight-400 \">\n\t\t\t\t\t<span style=\"font-weight: 400;\">V de\u0148 narodenia toti\u017eto aj oni po\u010duli prv\u00fdkr\u00e1t n\u00e1zov fokom\u00e9lia, nesk\u00f4r mi bola diagnostikovan\u00e1 fibul\u00e1rna hemim\u00e9lia, z ktorej sa v zahrani\u010d\u00ed stala tibi\u00e1lna hemim\u00e9lia. V\u0161etko toto mus\u00ed potvrdi\u0165 a\u017e \u010fal\u0161ie MRI, ktor\u00e9 je sprev\u00e1dzan\u00e9 nekone\u010dn\u00fdmi n\u00e1v\u0161tevami r\u00f4znych ujov a tiet, doktorov a rehabilit\u00e1ci\u00ed. P\u00fdtate sa, odkia\u013e tieto slov\u00ed\u010dka ovl\u00e1dam? V\u00f4bec ich neovl\u00e1dam a ani moji rodi\u010dia ich nepoznali, pokia\u013e ich nena\u0161li na internete alebo priamo vysvetlenie od lek\u00e1rov.<\/span>\t\t\t\t<\/div>\n\n\t\t\t\t\t\t\t<\/div>\n\t\t[\/vc_column][\/vc_row][vc_row mobile_bg_img_hidden=&#8220;no&#8220; tablet_bg_img_hidden=&#8220;no&#8220; woodmart_parallax=&#8220;0&#8243; woodmart_gradient_switch=&#8220;no&#8220; row_reverse_mobile=&#8220;0&#8243; row_reverse_tablet=&#8220;0&#8243; woodmart_disable_overflow=&#8220;0&#8243; css=&#8220;.vc_custom_1660644019897{padding-bottom: 80px !important;}&#8220; el_class=&#8220;ocami-rodicov&#8220;][vc_column width=&#8220;1\/2&#8243; mobile_bg_img_hidden=&#8220;no&#8220; tablet_bg_img_hidden=&#8220;no&#8220; woodmart_parallax=&#8220;0&#8243; woodmart_sticky_column=&#8220;false&#8220; el_class=&#8220;ocami-matky-bigger-padding&#8220; parallax_scroll=&#8220;no&#8220; mobile_reset_margin=&#8220;no&#8220; tablet_reset_margin=&#8220;no&#8220;]\t\t\t<div id=\"wd-63e641ab6d73e\" class=\"wd-text-block-wrapper wd-wpb wd-rs-63e641ab6d73e color-scheme-custom text-left vc_custom_1676034504729\">\n\t\t\t\t<div class=\"woodmart-title-container woodmart-text-block reset-last-child font-primary wd-font-weight-400 \">\n\t\t\t\t\t<span style=\"font-weight: 400;\">Hovor\u00edm na\u0161u str\u00e1nku, lebo patr\u00ed v\u0161etk\u00fdm n\u00e1m mil\u00e9 deti\u010dky a rodi\u010dia, chceme sa toti\u017eto podeli\u0165 o na\u0161e sk\u00fasenosti a porovna\u0165 ich s t\u00fdmi Va\u0161imi. Chceli by sme, aby t\u00e1to komunita sl\u00fa\u017eila na vzdel\u00e1vanie v oblasti vz\u00e1cnych chor\u00f4b, diagn\u00f3z a syndr\u00f3mov. Chceme V\u00e1m i n\u00e1m pom\u00f4c\u0165, mil\u00ed kamar\u00e1ti, aby sme si v\u0161etci vedeli pom\u00f4c\u0165 a \u017ei\u0165 plnohodnotne svoje sny.<\/span><\/p>\n<p><span style=\"font-weight: 400;\">Hlavne, aby sme si plnili v\u0161etci svoje kr\u00e1sne a ve\u013ek\u00e9 sny.<\/span>\t\t\t\t<\/div>\n\n\t\t\t\t\t\t\t<\/div>\n\t\t[\/vc_column][vc_column width=&#8220;1\/2&#8243;][vc_single_image image=&#8220;8482&#8243; img_size=&#8220;full&#8220; alignment=&#8220;right&#8220; woodmart_inline=&#8220;no&#8220; parallax_scroll=&#8220;no&#8220;][\/vc_column][\/vc_row]<\/p>\n<\/section>","protected":false},"excerpt":{"rendered":"<p>[vc_row el_id=&#8220;my_world&#8220; mobile_bg_img_hidden=&#8220;no&#8220; tablet_bg_img_hidden=&#8220;no&#8220; woodmart_parallax=&#8220;0&#8243; woodmart_gradient_switch=&#8220;no&#8220; row_reverse_mobile=&#8220;0&#8243; row_reverse_tablet=&#8220;0&#8243; woodmart_disable_overflow=&#8220;0&#8243; css=&#8220;.vc_custom_1660645211722{padding-top: 120px !important;padding-bottom: 80px !important;}&#8220; el_class=&#8220;ocami-rodica&#8220;][vc_column width=&#8220;1\/2&#8243;][\/vc_column][vc_column width=&#8220;1\/2&#8243;][vc_single_image image=&#8220;8480&#8243; img_size=&#8220;full&#8220; alignment=&#8220;right&#8220;<\/p>\n","protected":false},"author":1,"featured_media":0,"parent":0,"menu_order":0,"comment_status":"closed","ping_status":"closed","template":"","meta":[],"yoast_head":"<!-- This site is optimized with the Yoast SEO plugin v19.13 - https:\/\/yoast.com\/wordpress\/plugins\/seo\/ -->\n<title>Leov pr\u00edbeh - Leushko<\/title>\n<meta name=\"robots\" content=\"index, follow, max-snippet:-1, max-image-preview:large, max-video-preview:-1\" \/>\n<link rel=\"canonical\" href=\"https:\/\/www.leushko.com\/sk\/leov-pribeh\/\" \/>\n<meta property=\"og:locale\" content=\"sk_SK\" \/>\n<meta property=\"og:type\" content=\"article\" \/>\n<meta property=\"og:title\" content=\"Leov pr\u00edbeh - Leushko\" \/>\n<meta property=\"og:description\" content=\"[vc_row el_id=&#8220;my_world&#8220; mobile_bg_img_hidden=&#8220;no&#8220; tablet_bg_img_hidden=&#8220;no&#8220; woodmart_parallax=&#8220;0&#8243; woodmart_gradient_switch=&#8220;no&#8220; row_reverse_mobile=&#8220;0&#8243; row_reverse_tablet=&#8220;0&#8243; woodmart_disable_overflow=&#8220;0&#8243; css=&#8220;.vc_custom_1660645211722{padding-top: 120px !important;padding-bottom: 80px !important;}&#8220; el_class=&#8220;ocami-rodica&#8220;][vc_column width=&#8220;1\/2&#8243;][\/vc_column][vc_column width=&#8220;1\/2&#8243;][vc_single_image image=&#8220;8480&#8243; img_size=&#8220;full&#8220; alignment=&#8220;right&#8220;\" \/>\n<meta property=\"og:url\" content=\"https:\/\/www.leushko.com\/sk\/leov-pribeh\/\" \/>\n<meta property=\"og:site_name\" content=\"Leushko\" \/>\n<meta property=\"article:modified_time\" content=\"2023-02-11T19:57:12+00:00\" \/>\n<meta name=\"twitter:card\" content=\"summary_large_image\" \/>\n<meta name=\"twitter:label1\" content=\"Predpokladan\u00fd \u010das \u010d\u00edtania\" \/>\n\t<meta name=\"twitter:data1\" content=\"3 min\u00faty\" \/>\n<script type=\"application\/ld+json\" class=\"yoast-schema-graph\">{\"@context\":\"https:\/\/schema.org\",\"@graph\":[{\"@type\":\"WebPage\",\"@id\":\"https:\/\/www.leushko.com\/sk\/leov-pribeh\/\",\"url\":\"https:\/\/www.leushko.com\/sk\/leov-pribeh\/\",\"name\":\"Leov pr\u00edbeh - Leushko\",\"isPartOf\":{\"@id\":\"https:\/\/www.leushko.com\/#website\"},\"datePublished\":\"2022-12-21T09:47:11+00:00\",\"dateModified\":\"2023-02-11T19:57:12+00:00\",\"breadcrumb\":{\"@id\":\"https:\/\/www.leushko.com\/sk\/leov-pribeh\/#breadcrumb\"},\"inLanguage\":\"sk-SK\",\"potentialAction\":[{\"@type\":\"ReadAction\",\"target\":[\"https:\/\/www.leushko.com\/sk\/leov-pribeh\/\"]}]},{\"@type\":\"BreadcrumbList\",\"@id\":\"https:\/\/www.leushko.com\/sk\/leov-pribeh\/#breadcrumb\",\"itemListElement\":[{\"@type\":\"ListItem\",\"position\":1,\"name\":\"Domovsk\u00e1 str\u00e1nka\",\"item\":\"https:\/\/www.leushko.com\/\"},{\"@type\":\"ListItem\",\"position\":2,\"name\":\"Leov pr\u00edbeh\"}]},{\"@type\":\"WebSite\",\"@id\":\"https:\/\/www.leushko.com\/#website\",\"url\":\"https:\/\/www.leushko.com\/\",\"name\":\"Leushko\",\"description\":\"Just another WordPress site\",\"potentialAction\":[{\"@type\":\"SearchAction\",\"target\":{\"@type\":\"EntryPoint\",\"urlTemplate\":\"https:\/\/www.leushko.com\/?s={search_term_string}\"},\"query-input\":\"required name=search_term_string\"}],\"inLanguage\":\"sk-SK\"}]}<\/script>\n<!-- \/ Yoast SEO plugin. -->","yoast_head_json":{"title":"Leov pr\u00edbeh - Leushko","robots":{"index":"index","follow":"follow","max-snippet":"max-snippet:-1","max-image-preview":"max-image-preview:large","max-video-preview":"max-video-preview:-1"},"canonical":"https:\/\/www.leushko.com\/sk\/leov-pribeh\/","og_locale":"sk_SK","og_type":"article","og_title":"Leov pr\u00edbeh - Leushko","og_description":"[vc_row el_id=&#8220;my_world&#8220; mobile_bg_img_hidden=&#8220;no&#8220; tablet_bg_img_hidden=&#8220;no&#8220; woodmart_parallax=&#8220;0&#8243; woodmart_gradient_switch=&#8220;no&#8220; row_reverse_mobile=&#8220;0&#8243; row_reverse_tablet=&#8220;0&#8243; woodmart_disable_overflow=&#8220;0&#8243; css=&#8220;.vc_custom_1660645211722{padding-top: 120px !important;padding-bottom: 80px !important;}&#8220; el_class=&#8220;ocami-rodica&#8220;][vc_column width=&#8220;1\/2&#8243;][\/vc_column][vc_column width=&#8220;1\/2&#8243;][vc_single_image image=&#8220;8480&#8243; img_size=&#8220;full&#8220; alignment=&#8220;right&#8220;","og_url":"https:\/\/www.leushko.com\/sk\/leov-pribeh\/","og_site_name":"Leushko","article_modified_time":"2023-02-11T19:57:12+00:00","twitter_card":"summary_large_image","twitter_misc":{"Predpokladan\u00fd \u010das \u010d\u00edtania":"3 min\u00faty"},"schema":{"@context":"https:\/\/schema.org","@graph":[{"@type":"WebPage","@id":"https:\/\/www.leushko.com\/sk\/leov-pribeh\/","url":"https:\/\/www.leushko.com\/sk\/leov-pribeh\/","name":"Leov pr\u00edbeh - Leushko","isPartOf":{"@id":"https:\/\/www.leushko.com\/#website"},"datePublished":"2022-12-21T09:47:11+00:00","dateModified":"2023-02-11T19:57:12+00:00","breadcrumb":{"@id":"https:\/\/www.leushko.com\/sk\/leov-pribeh\/#breadcrumb"},"inLanguage":"sk-SK","potentialAction":[{"@type":"ReadAction","target":["https:\/\/www.leushko.com\/sk\/leov-pribeh\/"]}]},{"@type":"BreadcrumbList","@id":"https:\/\/www.leushko.com\/sk\/leov-pribeh\/#breadcrumb","itemListElement":[{"@type":"ListItem","position":1,"name":"Domovsk\u00e1 str\u00e1nka","item":"https:\/\/www.leushko.com\/"},{"@type":"ListItem","position":2,"name":"Leov pr\u00edbeh"}]},{"@type":"WebSite","@id":"https:\/\/www.leushko.com\/#website","url":"https:\/\/www.leushko.com\/","name":"Leushko","description":"Just another WordPress site","potentialAction":[{"@type":"SearchAction","target":{"@type":"EntryPoint","urlTemplate":"https:\/\/www.leushko.com\/?s={search_term_string}"},"query-input":"required name=search_term_string"}],"inLanguage":"sk-SK"}]}},"_links":{"self":[{"href":"https:\/\/www.leushko.com\/sk\/wp-json\/wp\/v2\/pages\/8597"}],"collection":[{"href":"https:\/\/www.leushko.com\/sk\/wp-json\/wp\/v2\/pages"}],"about":[{"href":"https:\/\/www.leushko.com\/sk\/wp-json\/wp\/v2\/types\/page"}],"author":[{"embeddable":true,"href":"https:\/\/www.leushko.com\/sk\/wp-json\/wp\/v2\/users\/1"}],"replies":[{"embeddable":true,"href":"https:\/\/www.leushko.com\/sk\/wp-json\/wp\/v2\/comments?post=8597"}],"version-history":[{"count":13,"href":"https:\/\/www.leushko.com\/sk\/wp-json\/wp\/v2\/pages\/8597\/revisions"}],"predecessor-version":[{"id":9005,"href":"https:\/\/www.leushko.com\/sk\/wp-json\/wp\/v2\/pages\/8597\/revisions\/9005"}],"wp:attachment":[{"href":"https:\/\/www.leushko.com\/sk\/wp-json\/wp\/v2\/media?parent=8597"}],"curies":[{"name":"wp","href":"https:\/\/api.w.org\/{rel}","templated":true}]}}