{"id":8453,"date":"2022-08-16T09:26:50","date_gmt":"2022-08-16T09:26:50","guid":{"rendered":"https:\/\/www.leushko.com\/?page_id=8453"},"modified":"2023-02-11T19:58:11","modified_gmt":"2023-02-11T19:58:11","slug":"ocami-otca","status":"publish","type":"page","link":"https:\/\/www.leushko.com\/sk\/ocami-otca\/","title":{"rendered":"O\u010dami otca"},"content":{"rendered":"<section class=\"wpb-content-wrapper\"><p>[vc_row el_id=&#8220;my_world&#8220; mobile_bg_img_hidden=&#8220;no&#8220; tablet_bg_img_hidden=&#8220;no&#8220; woodmart_parallax=&#8220;0&#8243; woodmart_gradient_switch=&#8220;no&#8220; row_reverse_mobile=&#8220;0&#8243; row_reverse_tablet=&#8220;0&#8243; woodmart_disable_overflow=&#8220;0&#8243; css=&#8220;.vc_custom_1660645458697{padding-top: 120px !important;padding-bottom: 80px !important;}&#8220; el_class=&#8220;ocami-rodica&#8220;][vc_column width=&#8220;1\/2&#8243;]\t\t\t<div id=\"wd-62fb6690bc816\" class=\"wd-text-block-wrapper wd-wpb wd-rs-62fb6690bc816 color-scheme-custom text-left vc_custom_1660642966980 gluten-font\">\n\t\t\t\t<div class=\"woodmart-title-container woodmart-text-block reset-last-child font-primary wd-font-weight-400 \">\n\t\t\t\t\tO\u010dami otca\t\t\t\t<\/div>\n\n\t\t\t\t\t\t\t<\/div>\n\t\t\t\t\t<div id=\"wd-639c71beaf8ba\" class=\"wd-text-block-wrapper wd-wpb wd-rs-639c71beaf8ba color-scheme-custom text-left vc_custom_1671197120823\">\n\t\t\t\t<div class=\"woodmart-title-container woodmart-text-block reset-last-child font-primary wd-font-weight-400 \">\n\t\t\t\t\tAhojte v\u0161etci, ahojte kamar\u00e1ti,<\/p>\n<p>vol\u00e1m sa Kristi\u00e1n a som otec \u00fa\u017easn\u00e9ho die\u0165atka menom Leu\u0161ko. Spolu s Evkou sme si \u017eivotom pre\u0161li spolo\u010dn\u00fdmi z\u00e1\u017eitkami a kr\u00e1snymi chv\u00ed\u013eami, kde som pochopil, \u017ee je to \u00fa\u017easn\u00e1 \u017eena a \u017ee s \u0148ou chcem pre\u017ei\u0165 nezn\u00e1mu bud\u00facnos\u0165 pln\u00fa \u0161\u0165astia a kr\u00e1snych momentov.\t\t\t\t<\/div>\n\n\t\t\t\t\t\t\t<\/div>\n\t\t<div id=\"wd-63e7f348cf204\" class=\" wd-rs-63e7f348cf204  wd-button-wrapper text-center inline-element\"><a href=\"https:\/\/www.leushko.com\/sk\/pomoct\/\" title=\"Pom\u00f4c\u0165\" class=\"btn btn-scheme-light btn-scheme-hover-light btn-style-bordered btn-style-round btn-size-extra-large blue-btn\">Poskytn\u00fa\u0165 pomoc<\/a><\/div>\t\t\t<div id=\"wd-63c075b693108\" class=\"wd-text-block-wrapper wd-wpb wd-rs-63c075b693108 color-scheme-custom text-left vc_custom_1673557470708\">\n\t\t\t\t<div class=\"woodmart-title-container woodmart-text-block reset-last-child font-primary wd-font-weight-400 \">\n\t\t\t\t\tVzal som situ\u00e1ciu \u00faplne klasickou met\u00f3dou, tak\u017ee som ju najprv po\u017eiadal o ruku, kde som nap\u00e4to \u010dakal ako sa vyjadr\u00ed. Povedala \u00e1no \ud83d\ude0a a stali sme sa sn\u00fabencami, b\u00fdvali sme spolu v byte e\u0161te aj s dom\u00e1cim zvieratkom, \u0161kre\u010dkom. Takmer do roka a do d\u0148a mi povedala svoje \u00e1no a spe\u010datili sme svoje man\u017eelstvo. Bol to jeden z najkraj\u0161\u00edch dn\u00ed m\u00f4jho \u017eivota, d\u00fafam, \u017ee aj man\u017eelkinho.\t\t\t\t<\/div>\n\n\t\t\t\t\t\t\t<\/div>\n\t\t[\/vc_column][vc_column width=&#8220;1\/2&#8243;][vc_single_image image=&#8220;8459&#8243; img_size=&#8220;full&#8220; alignment=&#8220;right&#8220; woodmart_inline=&#8220;no&#8220; parallax_scroll=&#8220;no&#8220;][\/vc_column][\/vc_row][vc_row mobile_bg_img_hidden=&#8220;no&#8220; tablet_bg_img_hidden=&#8220;no&#8220; woodmart_parallax=&#8220;0&#8243; woodmart_gradient_switch=&#8220;no&#8220; row_reverse_mobile=&#8220;1&#8243; row_reverse_tablet=&#8220;0&#8243; woodmart_disable_overflow=&#8220;0&#8243; css=&#8220;.vc_custom_1660645474095{padding-bottom: 110px !important;}&#8220; el_class=&#8220;ocami-rodicov&#8220;][vc_column width=&#8220;1\/2&#8243;][vc_single_image image=&#8220;8463&#8243; img_size=&#8220;full&#8220; alignment=&#8220;right&#8220; woodmart_inline=&#8220;no&#8220; parallax_scroll=&#8220;no&#8220;][\/vc_column][vc_column width=&#8220;1\/2&#8243;]\t\t\t<div id=\"wd-63e64278b8d0f\" class=\"wd-text-block-wrapper wd-wpb wd-rs-63e64278b8d0f color-scheme-custom text-left vc_custom_1676034742268\">\n\t\t\t\t<div class=\"woodmart-title-container woodmart-text-block reset-last-child font-primary wd-font-weight-400 \">\n\t\t\t\t\tSvadba vy\u0161la na v\u00fdborn\u00fa v kruhu rodiny a kamar\u00e1tov , ale st\u00e1le sme vedeli, \u017ee m\u00e1me l\u00e1sku na rozd\u00e1vanie. Preto sme sa rozhodli sta\u0165 sa kompletnou rodinkou a o \u010fal\u0161\u00ed rok sme \u010dakali n\u00e1\u0161ho syn\u010deka Leu\u0161ka. Cel\u00fd priebeh tehotenstva man\u017eelka zvl\u00e1dala v\u00fdborne a po ka\u017edom vy\u0161etren\u00ed sa doktor v Trnave vyjadroval, \u017ee syn sp\u013a\u0148a v\u0161etky parametre zdrav\u00e9ho b\u00e1b\u00e4tka a \u017ee sa vyv\u00edja pod\u013ea tabuliek. \u010cakali sme teda na drobca a ten si dal e\u0161te oddych a ozval sa presne t\u00fd\u017ede\u0148 po term\u00edne.<br \/>\nPri\u0161iel de\u0148, resp. noc p\u00f4rodu, rozhodli sme sa pre Ru\u017einovsk\u00fa nemocnicu, tak\u017ee som bol v\u017edy pripraven\u00fd vyrazi\u0165 v ktorejko\u013evek hodine priamo z Trnavy. Man\u017eelku prijali do nemocnice a ja som \u010dakal, bola to noc, kedy sa obloha riadne zatiahla, rozf\u00fakalo sa a taktie\u017e pr\u0161alo. Cestou som chcel by\u0165 \u010do najr\u00fdchlej\u0161ie v nemocnici, ke\u010f\u017ee som videl, \u017ee kontrakcie m\u00e1 man\u017eelka riadne siln\u00e9. Mimochodom, mil\u00e9 \u017eeny, mil\u00e9 matky, klob\u00fak dole, zasl\u00fa\u017eite si re\u0161pekt cel\u00e9ho \u013eudstva.\t\t\t\t<\/div>\n\n\t\t\t\t\t\t\t<\/div>\n\t\t[\/vc_column][\/vc_row][vc_row mobile_bg_img_hidden=&#8220;no&#8220; tablet_bg_img_hidden=&#8220;no&#8220; woodmart_parallax=&#8220;0&#8243; woodmart_gradient_switch=&#8220;no&#8220; row_reverse_mobile=&#8220;0&#8243; row_reverse_tablet=&#8220;0&#8243; woodmart_disable_overflow=&#8220;0&#8243; css=&#8220;.vc_custom_1660645486620{padding-bottom: 80px !important;}&#8220; el_class=&#8220;ocami-rodicov&#8220;][vc_column width=&#8220;1\/2&#8243;]\t\t\t<div id=\"wd-63e642b6a330c\" class=\"wd-text-block-wrapper wd-wpb wd-rs-63e642b6a330c color-scheme-custom text-left vc_custom_1676034910474\">\n\t\t\t\t<div class=\"woodmart-title-container woodmart-text-block reset-last-child font-primary wd-font-weight-400 \">\n\t\t\t\t\tPri\u0161li sme do nemocnice, kde zobrali man\u017eelku na pozorovanie a samozrejme e\u0161te nebola v \u0161t\u00e1diu rodenia. Vr\u00e1tili ma teda domov do Trnavy, kde som nie\u010do prespal, ale cel\u00fa noc som sa te\u0161il na n\u00e1\u0161ho drobca a na to, aby man\u017eelke bolo super a p\u00f4rod prebehol hladko.<\/p>\n<p>Dostal som spr\u00e1vu, r\u00e1no, \u017ee e\u0161te nemus\u00edm chodi\u0165, \u017ee m\u00e1m \u010das, k\u013eudne sa m\u00f4\u017eem nara\u0148ajkova\u0165, ale \u017ee bude rodi\u0165. Vz\u00e1p\u00e4t\u00ed som dostal spr\u00e1vu, \u017ee ide rodi\u0165 a \u017ee by som mal \u010do najsk\u00f4r pr\u00eds\u0165. Samozrejme som nev\u00e1hal a utekal do nemocnice, lebo som sa na oboch ve\u013emi te\u0161il. P\u00f4rod pre\u0161iel hladko, man\u017eelka to zvl\u00e1dla ve\u013emi stato\u010dne a som na teba Evka hrd\u00fd.<br \/>\nDie\u0165atko zobrali, ale ja som mal v ruk\u00e1ch st\u00e1le ruku man\u017eelky a ute\u0161oval ju, \u017ee syn\u010dek je na svete, no vo vzduchu nebolo po\u010du\u0165 hne\u010f jeho pla\u010d. Ke\u010f\u017ee som bol v strese a v o\u010dak\u00e1van\u00ed, \u010dakal som na v\u00fdzvu doktorov, \u017ee m\u00f4\u017eem \u00eds\u0165 po syn\u010deka, no nesk\u00f4r sme sa dozvedeli, \u017ee ho museli o\u017eivova\u0165. Ke\u010f som ho uvidel, hne\u010f som vedel, \u017ee ho budem \u013e\u00fabi\u0165 do konca \u017eivota, len som sa z\u00e1rove\u0148 o jeho \u017eivot b\u00e1l a za\u017eil som najv\u00e4\u010d\u0161\u00ed strach v mojom \u017eivote, \u017ee sa mu stalo nie\u010do v\u00e1\u017enej\u0161ie. Oblial ma studen\u00fd pot a musel som sa poriadne nad\u00fdchnu\u0165. Mal deformovan\u00fa prav\u00fa no\u017ei\u010dku. V hlave m\u00e1te tis\u00edc ot\u00e1zok, na ktor\u00e9 sa \u017eiaden otec nikdy poriadne nepriprav\u00ed. Vyko\u013eajilo ma to a prv\u00e9 ot\u00e1zky sa net\u00fdkali no\u017ei\u010dky, boli to ot\u00e1zky ktor\u00e9 sa t\u00fdkali toho, \u010di ostatn\u00e9 org\u00e1ny a zvy\u0161ok toho n\u00e1dhern\u00e9ho a krehk\u00e9ho tel\u00ed\u010dka bud\u00fa v poriadku. Pomohli mi ho zobra\u0165 k matke a bola to l\u00e1ska na prv\u00fd poh\u013ead. Plakali sme spolu s rados\u0165ou a s\u013e\u00fabili si, \u017ee sa o\u0148ho postar\u00e1me do konca \u017eivota aj keby to malo by\u0165 nad na\u0161e sily a \u017ee ho \u013e\u00fabime cel\u00e9ho, celu\u010di\u010dk\u00e9ho.\t\t\t\t<\/div>\n\n\t\t\t\t\t\t\t<\/div>\n\t\t[\/vc_column][vc_column width=&#8220;1\/2&#8243;][vc_single_image image=&#8220;8466&#8243; img_size=&#8220;full&#8220; alignment=&#8220;right&#8220; woodmart_inline=&#8220;no&#8220; parallax_scroll=&#8220;no&#8220;][\/vc_column][\/vc_row]<\/p>\n<\/section>","protected":false},"excerpt":{"rendered":"<p>[vc_row el_id=&#8220;my_world&#8220; mobile_bg_img_hidden=&#8220;no&#8220; tablet_bg_img_hidden=&#8220;no&#8220; woodmart_parallax=&#8220;0&#8243; woodmart_gradient_switch=&#8220;no&#8220; row_reverse_mobile=&#8220;0&#8243; row_reverse_tablet=&#8220;0&#8243; woodmart_disable_overflow=&#8220;0&#8243; css=&#8220;.vc_custom_1660645458697{padding-top: 120px !important;padding-bottom: 80px !important;}&#8220; el_class=&#8220;ocami-rodica&#8220;][vc_column width=&#8220;1\/2&#8243;][\/vc_column][vc_column width=&#8220;1\/2&#8243;][vc_single_image image=&#8220;8459&#8243; img_size=&#8220;full&#8220; alignment=&#8220;right&#8220;<\/p>\n","protected":false},"author":1,"featured_media":0,"parent":0,"menu_order":0,"comment_status":"closed","ping_status":"closed","template":"","meta":[],"yoast_head":"<!-- This site is optimized with the Yoast SEO plugin v19.13 - https:\/\/yoast.com\/wordpress\/plugins\/seo\/ -->\n<title>O\u010dami otca - Leushko<\/title>\n<meta name=\"robots\" content=\"index, follow, max-snippet:-1, max-image-preview:large, max-video-preview:-1\" \/>\n<link rel=\"canonical\" href=\"https:\/\/www.leushko.com\/sk\/ocami-otca\/\" \/>\n<meta property=\"og:locale\" content=\"sk_SK\" \/>\n<meta property=\"og:type\" content=\"article\" \/>\n<meta property=\"og:title\" content=\"O\u010dami otca - Leushko\" \/>\n<meta property=\"og:description\" content=\"[vc_row el_id=&#8220;my_world&#8220; mobile_bg_img_hidden=&#8220;no&#8220; tablet_bg_img_hidden=&#8220;no&#8220; woodmart_parallax=&#8220;0&#8243; woodmart_gradient_switch=&#8220;no&#8220; row_reverse_mobile=&#8220;0&#8243; row_reverse_tablet=&#8220;0&#8243; woodmart_disable_overflow=&#8220;0&#8243; css=&#8220;.vc_custom_1660645458697{padding-top: 120px !important;padding-bottom: 80px !important;}&#8220; el_class=&#8220;ocami-rodica&#8220;][vc_column width=&#8220;1\/2&#8243;][\/vc_column][vc_column width=&#8220;1\/2&#8243;][vc_single_image image=&#8220;8459&#8243; img_size=&#8220;full&#8220; alignment=&#8220;right&#8220;\" \/>\n<meta property=\"og:url\" content=\"https:\/\/www.leushko.com\/sk\/ocami-otca\/\" \/>\n<meta property=\"og:site_name\" content=\"Leushko\" \/>\n<meta property=\"article:modified_time\" content=\"2023-02-11T19:58:11+00:00\" \/>\n<meta name=\"twitter:card\" content=\"summary_large_image\" \/>\n<meta name=\"twitter:label1\" content=\"Predpokladan\u00fd \u010das \u010d\u00edtania\" \/>\n\t<meta name=\"twitter:data1\" content=\"4 min\u00faty\" \/>\n<script type=\"application\/ld+json\" class=\"yoast-schema-graph\">{\"@context\":\"https:\/\/schema.org\",\"@graph\":[{\"@type\":\"WebPage\",\"@id\":\"https:\/\/www.leushko.com\/sk\/ocami-otca\/\",\"url\":\"https:\/\/www.leushko.com\/sk\/ocami-otca\/\",\"name\":\"O\u010dami otca - Leushko\",\"isPartOf\":{\"@id\":\"https:\/\/www.leushko.com\/#website\"},\"datePublished\":\"2022-08-16T09:26:50+00:00\",\"dateModified\":\"2023-02-11T19:58:11+00:00\",\"breadcrumb\":{\"@id\":\"https:\/\/www.leushko.com\/sk\/ocami-otca\/#breadcrumb\"},\"inLanguage\":\"sk-SK\",\"potentialAction\":[{\"@type\":\"ReadAction\",\"target\":[\"https:\/\/www.leushko.com\/sk\/ocami-otca\/\"]}]},{\"@type\":\"BreadcrumbList\",\"@id\":\"https:\/\/www.leushko.com\/sk\/ocami-otca\/#breadcrumb\",\"itemListElement\":[{\"@type\":\"ListItem\",\"position\":1,\"name\":\"Domovsk\u00e1 str\u00e1nka\",\"item\":\"https:\/\/www.leushko.com\/\"},{\"@type\":\"ListItem\",\"position\":2,\"name\":\"O\u010dami otca\"}]},{\"@type\":\"WebSite\",\"@id\":\"https:\/\/www.leushko.com\/#website\",\"url\":\"https:\/\/www.leushko.com\/\",\"name\":\"Leushko\",\"description\":\"Just another WordPress site\",\"potentialAction\":[{\"@type\":\"SearchAction\",\"target\":{\"@type\":\"EntryPoint\",\"urlTemplate\":\"https:\/\/www.leushko.com\/?s={search_term_string}\"},\"query-input\":\"required name=search_term_string\"}],\"inLanguage\":\"sk-SK\"}]}<\/script>\n<!-- \/ Yoast SEO plugin. -->","yoast_head_json":{"title":"O\u010dami otca - Leushko","robots":{"index":"index","follow":"follow","max-snippet":"max-snippet:-1","max-image-preview":"max-image-preview:large","max-video-preview":"max-video-preview:-1"},"canonical":"https:\/\/www.leushko.com\/sk\/ocami-otca\/","og_locale":"sk_SK","og_type":"article","og_title":"O\u010dami otca - Leushko","og_description":"[vc_row el_id=&#8220;my_world&#8220; mobile_bg_img_hidden=&#8220;no&#8220; tablet_bg_img_hidden=&#8220;no&#8220; woodmart_parallax=&#8220;0&#8243; woodmart_gradient_switch=&#8220;no&#8220; row_reverse_mobile=&#8220;0&#8243; row_reverse_tablet=&#8220;0&#8243; woodmart_disable_overflow=&#8220;0&#8243; css=&#8220;.vc_custom_1660645458697{padding-top: 120px !important;padding-bottom: 80px !important;}&#8220; el_class=&#8220;ocami-rodica&#8220;][vc_column width=&#8220;1\/2&#8243;][\/vc_column][vc_column width=&#8220;1\/2&#8243;][vc_single_image image=&#8220;8459&#8243; img_size=&#8220;full&#8220; alignment=&#8220;right&#8220;","og_url":"https:\/\/www.leushko.com\/sk\/ocami-otca\/","og_site_name":"Leushko","article_modified_time":"2023-02-11T19:58:11+00:00","twitter_card":"summary_large_image","twitter_misc":{"Predpokladan\u00fd \u010das \u010d\u00edtania":"4 min\u00faty"},"schema":{"@context":"https:\/\/schema.org","@graph":[{"@type":"WebPage","@id":"https:\/\/www.leushko.com\/sk\/ocami-otca\/","url":"https:\/\/www.leushko.com\/sk\/ocami-otca\/","name":"O\u010dami otca - Leushko","isPartOf":{"@id":"https:\/\/www.leushko.com\/#website"},"datePublished":"2022-08-16T09:26:50+00:00","dateModified":"2023-02-11T19:58:11+00:00","breadcrumb":{"@id":"https:\/\/www.leushko.com\/sk\/ocami-otca\/#breadcrumb"},"inLanguage":"sk-SK","potentialAction":[{"@type":"ReadAction","target":["https:\/\/www.leushko.com\/sk\/ocami-otca\/"]}]},{"@type":"BreadcrumbList","@id":"https:\/\/www.leushko.com\/sk\/ocami-otca\/#breadcrumb","itemListElement":[{"@type":"ListItem","position":1,"name":"Domovsk\u00e1 str\u00e1nka","item":"https:\/\/www.leushko.com\/"},{"@type":"ListItem","position":2,"name":"O\u010dami otca"}]},{"@type":"WebSite","@id":"https:\/\/www.leushko.com\/#website","url":"https:\/\/www.leushko.com\/","name":"Leushko","description":"Just another WordPress site","potentialAction":[{"@type":"SearchAction","target":{"@type":"EntryPoint","urlTemplate":"https:\/\/www.leushko.com\/?s={search_term_string}"},"query-input":"required name=search_term_string"}],"inLanguage":"sk-SK"}]}},"_links":{"self":[{"href":"https:\/\/www.leushko.com\/sk\/wp-json\/wp\/v2\/pages\/8453"}],"collection":[{"href":"https:\/\/www.leushko.com\/sk\/wp-json\/wp\/v2\/pages"}],"about":[{"href":"https:\/\/www.leushko.com\/sk\/wp-json\/wp\/v2\/types\/page"}],"author":[{"embeddable":true,"href":"https:\/\/www.leushko.com\/sk\/wp-json\/wp\/v2\/users\/1"}],"replies":[{"embeddable":true,"href":"https:\/\/www.leushko.com\/sk\/wp-json\/wp\/v2\/comments?post=8453"}],"version-history":[{"count":31,"href":"https:\/\/www.leushko.com\/sk\/wp-json\/wp\/v2\/pages\/8453\/revisions"}],"predecessor-version":[{"id":9007,"href":"https:\/\/www.leushko.com\/sk\/wp-json\/wp\/v2\/pages\/8453\/revisions\/9007"}],"wp:attachment":[{"href":"https:\/\/www.leushko.com\/sk\/wp-json\/wp\/v2\/media?parent=8453"}],"curies":[{"name":"wp","href":"https:\/\/api.w.org\/{rel}","templated":true}]}}