{"id":8451,"date":"2022-08-16T09:26:18","date_gmt":"2022-08-16T09:26:18","guid":{"rendered":"https:\/\/www.leushko.com\/?page_id=8451"},"modified":"2023-02-11T19:57:41","modified_gmt":"2023-02-11T19:57:41","slug":"ocami-matky","status":"publish","type":"page","link":"https:\/\/www.leushko.com\/sk\/ocami-matky\/","title":{"rendered":"O\u010dami matky"},"content":{"rendered":"<section class=\"wpb-content-wrapper\"><p>[vc_row el_id=&#8220;my_world&#8220; mobile_bg_img_hidden=&#8220;no&#8220; tablet_bg_img_hidden=&#8220;no&#8220; woodmart_parallax=&#8220;0&#8243; woodmart_gradient_switch=&#8220;no&#8220; row_reverse_mobile=&#8220;0&#8243; row_reverse_tablet=&#8220;0&#8243; woodmart_disable_overflow=&#8220;0&#8243; css=&#8220;.vc_custom_1671615918917{padding-top: 120px !important;padding-bottom: 80px !important;}&#8220; el_class=&#8220;ocami-rodica&#8220;][vc_column width=&#8220;1\/2&#8243;]\t\t\t<div id=\"wd-62fb70b941e13\" class=\"wd-text-block-wrapper wd-wpb wd-rs-62fb70b941e13 color-scheme-custom text-left vc_custom_1660645572461 gluten-font\">\n\t\t\t\t<div class=\"woodmart-title-container woodmart-text-block reset-last-child font-primary wd-font-weight-400 \">\n\t\t\t\t\tO\u010dami matky\t\t\t\t<\/div>\n\n\t\t\t\t\t\t\t<\/div>\n\t\t\t\t\t<div id=\"wd-62fb70d9a9d43\" class=\"wd-text-block-wrapper wd-wpb wd-rs-62fb70d9a9d43 color-scheme-custom text-left vc_custom_1660645595746\">\n\t\t\t\t<div class=\"woodmart-title-container woodmart-text-block reset-last-child font-primary wd-font-weight-400 \">\n\t\t\t\t\tAko ka\u017ed\u00e1 \u017eena, aj ja som sa chcela sta\u0165 mamou. S man\u017eelom sme si vysn\u00edvali na\u0161e die\u0165a a po uroben\u00ed tehotensk\u00e9ho testu sa n\u00e1m toto prianie splnilo. Ve\u013emi sme sa te\u0161ili na pr\u00edchod n\u00e1\u0161ho b\u00e1b\u00e4tka.\t\t\t\t<\/div>\n\n\t\t\t\t\t\t\t<\/div>\n\t\t<div id=\"wd-63e7f32ac9a6f\" class=\" wd-rs-63e7f32ac9a6f  wd-button-wrapper text-center inline-element\"><a href=\"https:\/\/www.leushko.com\/sk\/pomoct\/\" title=\"Pom\u00f4c\u0165\" class=\"btn btn-scheme-light btn-scheme-hover-light btn-style-bordered btn-style-round btn-size-extra-large blue-btn\">Poskytn\u00fa\u0165 pomoc<\/a><\/div>\t\t\t<div id=\"wd-63139d1203d55\" class=\"wd-text-block-wrapper wd-wpb wd-rs-63139d1203d55 color-scheme-custom text-left vc_custom_1662229818626\">\n\t\t\t\t<div class=\"woodmart-title-container woodmart-text-block reset-last-child font-primary wd-font-weight-400 \">\n\t\t\t\t\tAko prv\u00e9 som si i\u0161la potvrdi\u0165 tehotenstvo u gynekol\u00f3ga v Trnave. Zodpovedne som absolvovala v\u0161etky povinn\u00e9 vy\u0161etrenia, screeningy , krvn\u00e9 testy a ultrazvuky. Zaplatila som si jedno vy\u0161etrenie ultrazvukom navy\u0161e, ktor\u00e9 nebolo hraden\u00e9 pois\u0165ov\u0148ou, nako\u013eko som sa chcela uisti\u0165, \u017ee die\u0165a je v poriadku ako mi bolo po cel\u00fd \u010das interpretovan\u00e9. Odpove\u010f som dostala, \u017ee je to kr\u00e1sny zdrav\u00fd chlap\u010dek. Taktie\u017e v\u0161etky krvn\u00e9 testy a testy na cukrovku som mala v poriadku.\t\t\t\t<\/div>\n\n\t\t\t\t\t\t\t<\/div>\n\t\t[\/vc_column][vc_column width=&#8220;1\/2&#8243;][vc_single_image image=&#8220;8480&#8243; img_size=&#8220;full&#8220; alignment=&#8220;right&#8220; woodmart_inline=&#8220;no&#8220; parallax_scroll=&#8220;no&#8220;][\/vc_column][\/vc_row][vc_row mobile_bg_img_hidden=&#8220;no&#8220; tablet_bg_img_hidden=&#8220;no&#8220; woodmart_parallax=&#8220;0&#8243; woodmart_gradient_switch=&#8220;no&#8220; row_reverse_mobile=&#8220;1&#8243; row_reverse_tablet=&#8220;0&#8243; woodmart_disable_overflow=&#8220;0&#8243; css=&#8220;.vc_custom_1671615938389{padding-bottom: 40px !important;}&#8220; el_class=&#8220;ocami-rodicov&#8220;][vc_column width=&#8220;1\/2&#8243;][vc_single_image image=&#8220;8481&#8243; img_size=&#8220;full&#8220; alignment=&#8220;right&#8220; woodmart_inline=&#8220;no&#8220; parallax_scroll=&#8220;no&#8220;][\/vc_column][vc_column width=&#8220;1\/2&#8243;]\t\t\t<div id=\"wd-63139d5628325\" class=\"wd-text-block-wrapper wd-wpb wd-rs-63139d5628325 color-scheme-custom text-left vc_custom_1662229859450\">\n\t\t\t\t<div class=\"woodmart-title-container woodmart-text-block reset-last-child font-primary wd-font-weight-400 \">\n\t\t\t\t\tTak som si tehotenstvo u\u017e\u00edvala, nako\u013eko som nemala \u017eiadne probl\u00e9my a te\u0161ila sa na pr\u00edchod die\u0165a\u0165a. Pri\u0161iel de\u0148 \u201eD\u201c, kde sa b\u00e1b\u00e4tko za\u010dalo p\u00fdta\u0165 na svet. Man\u017eel ma odviezol do Univerzitnej nemocnice Ru\u017einov v Bratislave, kde si ma nechali na pozorovanie, nako\u013eko sa p\u00f4rod pomaly rozbiehal. Hlavn\u00e9 \u201evyvrcholenie\u201c pri\u0161lo r\u00e1no, kde mi p\u00e1n doktor v ru\u017einovskej nemocnici ozn\u00e1mil, \u017ee die\u0165a pr\u00edde \u010do chv\u00ed\u013eu na svet a man\u017eel m\u00f4\u017ee pr\u00eds\u0165 k p\u00f4rodu. B\u00e1b\u00e4tko pri\u0161lo medzi n\u00e1s, av\u0161ak so strachom v o\u010diach a v hlase som sa p\u00fdtala p\u00e1na doktora, \u010do sa deje, ke\u010f\u017ee som die\u0165a nepo\u010dula plaka\u0165. P\u00e1n doktor ma upokojil, \u017ee to bude v poriadku a die\u0165a \u010doskoro uvid\u00edm.\t\t\t\t<\/div>\n\n\t\t\t\t\t\t\t<\/div>\n\t\t[\/vc_column][\/vc_row][vc_row mobile_bg_img_hidden=&#8220;no&#8220; tablet_bg_img_hidden=&#8220;no&#8220; woodmart_parallax=&#8220;0&#8243; woodmart_gradient_switch=&#8220;no&#8220; row_reverse_mobile=&#8220;0&#8243; row_reverse_tablet=&#8220;0&#8243; woodmart_disable_overflow=&#8220;0&#8243; css=&#8220;.vc_custom_1671615951203{padding-bottom: 80px !important;}&#8220; el_class=&#8220;ocami-rodicov&#8220;][vc_column width=&#8220;1\/2&#8243; mobile_bg_img_hidden=&#8220;no&#8220; tablet_bg_img_hidden=&#8220;no&#8220; woodmart_parallax=&#8220;0&#8243; woodmart_sticky_column=&#8220;false&#8220; el_class=&#8220;ocami-matky-bigger-padding&#8220; parallax_scroll=&#8220;no&#8220; mobile_reset_margin=&#8220;no&#8220; tablet_reset_margin=&#8220;no&#8220;]\t\t\t<div id=\"wd-63139d4b28b2d\" class=\"wd-text-block-wrapper wd-wpb wd-rs-63139d4b28b2d color-scheme-custom text-left vc_custom_1662229841782\">\n\t\t\t\t<div class=\"woodmart-title-container woodmart-text-block reset-last-child font-primary wd-font-weight-400 \">\n\t\t\t\t\tOzn\u00e1mil mi v\u0161ak, \u017ee m\u00f4j Leu\u0161ko nem\u00e1 vyvinut\u00fa prav\u00fa no\u017ei\u010dku od predkolenia. Em\u00f3cie \u0161\u0165astia sa striedali s em\u00f3ciami strachu o m\u00f4jho chlap\u010deka. Po na\u0161om prepusten\u00ed z p\u00f4rodnice sme sa s man\u017eelom te\u0161ili domov, aby sme sa chopili role rodi\u010dov, te\u0161ili sa z n\u00e1\u0161ho Leu\u0161ka, aj napriek tomu, \u017ee sme mali pred sebou mnoho \u010fal\u0161\u00edch vy\u0161etren\u00ed. Ako Leo rastie, vid\u00edm v \u0148om siln\u00e9ho a kr\u00e1sneho chlap\u010deka, ktor\u00fd m\u00e1 chu\u0165 bojova\u0165 a s \u00fasmevom na tv\u00e1ri zdol\u00e1va v\u0161etky vy\u0161etrenia. Hoci e\u0161te st\u00e1le neviem, kedy bude m\u00f4j chlap\u010dek chodi\u0165, ver\u00edm, \u017ee to bude \u010doskoro a budeme sa te\u0161i\u0165 z jeho prv\u00fdch krokov. Preto ho \u013e\u00fabim najviac na svete. \u2764\t\t\t\t<\/div>\n\n\t\t\t\t\t\t\t<\/div>\n\t\t[\/vc_column][vc_column width=&#8220;1\/2&#8243;][vc_single_image image=&#8220;8482&#8243; img_size=&#8220;full&#8220; alignment=&#8220;right&#8220; woodmart_inline=&#8220;no&#8220; parallax_scroll=&#8220;no&#8220;][\/vc_column][\/vc_row]<\/p>\n<\/section>","protected":false},"excerpt":{"rendered":"<p>[vc_row el_id=&#8220;my_world&#8220; mobile_bg_img_hidden=&#8220;no&#8220; tablet_bg_img_hidden=&#8220;no&#8220; woodmart_parallax=&#8220;0&#8243; woodmart_gradient_switch=&#8220;no&#8220; row_reverse_mobile=&#8220;0&#8243; row_reverse_tablet=&#8220;0&#8243; woodmart_disable_overflow=&#8220;0&#8243; css=&#8220;.vc_custom_1671615918917{padding-top: 120px !important;padding-bottom: 80px !important;}&#8220; el_class=&#8220;ocami-rodica&#8220;][vc_column width=&#8220;1\/2&#8243;][\/vc_column][vc_column width=&#8220;1\/2&#8243;][vc_single_image image=&#8220;8480&#8243; img_size=&#8220;full&#8220; alignment=&#8220;right&#8220;<\/p>\n","protected":false},"author":1,"featured_media":0,"parent":0,"menu_order":0,"comment_status":"closed","ping_status":"closed","template":"","meta":[],"yoast_head":"<!-- This site is optimized with the Yoast SEO plugin v19.13 - https:\/\/yoast.com\/wordpress\/plugins\/seo\/ -->\n<title>O\u010dami matky - Leushko<\/title>\n<meta name=\"robots\" content=\"index, follow, max-snippet:-1, max-image-preview:large, max-video-preview:-1\" \/>\n<link rel=\"canonical\" href=\"https:\/\/www.leushko.com\/sk\/ocami-matky\/\" \/>\n<meta property=\"og:locale\" content=\"sk_SK\" \/>\n<meta property=\"og:type\" content=\"article\" \/>\n<meta property=\"og:title\" content=\"O\u010dami matky - Leushko\" \/>\n<meta property=\"og:description\" content=\"[vc_row el_id=&#8220;my_world&#8220; mobile_bg_img_hidden=&#8220;no&#8220; tablet_bg_img_hidden=&#8220;no&#8220; woodmart_parallax=&#8220;0&#8243; woodmart_gradient_switch=&#8220;no&#8220; row_reverse_mobile=&#8220;0&#8243; row_reverse_tablet=&#8220;0&#8243; woodmart_disable_overflow=&#8220;0&#8243; css=&#8220;.vc_custom_1671615918917{padding-top: 120px !important;padding-bottom: 80px !important;}&#8220; el_class=&#8220;ocami-rodica&#8220;][vc_column width=&#8220;1\/2&#8243;][\/vc_column][vc_column width=&#8220;1\/2&#8243;][vc_single_image image=&#8220;8480&#8243; img_size=&#8220;full&#8220; alignment=&#8220;right&#8220;\" \/>\n<meta property=\"og:url\" content=\"https:\/\/www.leushko.com\/sk\/ocami-matky\/\" \/>\n<meta property=\"og:site_name\" content=\"Leushko\" \/>\n<meta property=\"article:modified_time\" content=\"2023-02-11T19:57:41+00:00\" \/>\n<meta name=\"twitter:card\" content=\"summary_large_image\" \/>\n<meta name=\"twitter:label1\" content=\"Predpokladan\u00fd \u010das \u010d\u00edtania\" \/>\n\t<meta name=\"twitter:data1\" content=\"3 min\u00faty\" \/>\n<script type=\"application\/ld+json\" class=\"yoast-schema-graph\">{\"@context\":\"https:\/\/schema.org\",\"@graph\":[{\"@type\":\"WebPage\",\"@id\":\"https:\/\/www.leushko.com\/sk\/ocami-matky\/\",\"url\":\"https:\/\/www.leushko.com\/sk\/ocami-matky\/\",\"name\":\"O\u010dami matky - Leushko\",\"isPartOf\":{\"@id\":\"https:\/\/www.leushko.com\/#website\"},\"datePublished\":\"2022-08-16T09:26:18+00:00\",\"dateModified\":\"2023-02-11T19:57:41+00:00\",\"breadcrumb\":{\"@id\":\"https:\/\/www.leushko.com\/sk\/ocami-matky\/#breadcrumb\"},\"inLanguage\":\"sk-SK\",\"potentialAction\":[{\"@type\":\"ReadAction\",\"target\":[\"https:\/\/www.leushko.com\/sk\/ocami-matky\/\"]}]},{\"@type\":\"BreadcrumbList\",\"@id\":\"https:\/\/www.leushko.com\/sk\/ocami-matky\/#breadcrumb\",\"itemListElement\":[{\"@type\":\"ListItem\",\"position\":1,\"name\":\"Domovsk\u00e1 str\u00e1nka\",\"item\":\"https:\/\/www.leushko.com\/\"},{\"@type\":\"ListItem\",\"position\":2,\"name\":\"O\u010dami matky\"}]},{\"@type\":\"WebSite\",\"@id\":\"https:\/\/www.leushko.com\/#website\",\"url\":\"https:\/\/www.leushko.com\/\",\"name\":\"Leushko\",\"description\":\"Just another WordPress site\",\"potentialAction\":[{\"@type\":\"SearchAction\",\"target\":{\"@type\":\"EntryPoint\",\"urlTemplate\":\"https:\/\/www.leushko.com\/?s={search_term_string}\"},\"query-input\":\"required name=search_term_string\"}],\"inLanguage\":\"sk-SK\"}]}<\/script>\n<!-- \/ Yoast SEO plugin. -->","yoast_head_json":{"title":"O\u010dami matky - Leushko","robots":{"index":"index","follow":"follow","max-snippet":"max-snippet:-1","max-image-preview":"max-image-preview:large","max-video-preview":"max-video-preview:-1"},"canonical":"https:\/\/www.leushko.com\/sk\/ocami-matky\/","og_locale":"sk_SK","og_type":"article","og_title":"O\u010dami matky - Leushko","og_description":"[vc_row el_id=&#8220;my_world&#8220; mobile_bg_img_hidden=&#8220;no&#8220; tablet_bg_img_hidden=&#8220;no&#8220; woodmart_parallax=&#8220;0&#8243; woodmart_gradient_switch=&#8220;no&#8220; row_reverse_mobile=&#8220;0&#8243; row_reverse_tablet=&#8220;0&#8243; woodmart_disable_overflow=&#8220;0&#8243; css=&#8220;.vc_custom_1671615918917{padding-top: 120px !important;padding-bottom: 80px !important;}&#8220; el_class=&#8220;ocami-rodica&#8220;][vc_column width=&#8220;1\/2&#8243;][\/vc_column][vc_column width=&#8220;1\/2&#8243;][vc_single_image image=&#8220;8480&#8243; img_size=&#8220;full&#8220; alignment=&#8220;right&#8220;","og_url":"https:\/\/www.leushko.com\/sk\/ocami-matky\/","og_site_name":"Leushko","article_modified_time":"2023-02-11T19:57:41+00:00","twitter_card":"summary_large_image","twitter_misc":{"Predpokladan\u00fd \u010das \u010d\u00edtania":"3 min\u00faty"},"schema":{"@context":"https:\/\/schema.org","@graph":[{"@type":"WebPage","@id":"https:\/\/www.leushko.com\/sk\/ocami-matky\/","url":"https:\/\/www.leushko.com\/sk\/ocami-matky\/","name":"O\u010dami matky - Leushko","isPartOf":{"@id":"https:\/\/www.leushko.com\/#website"},"datePublished":"2022-08-16T09:26:18+00:00","dateModified":"2023-02-11T19:57:41+00:00","breadcrumb":{"@id":"https:\/\/www.leushko.com\/sk\/ocami-matky\/#breadcrumb"},"inLanguage":"sk-SK","potentialAction":[{"@type":"ReadAction","target":["https:\/\/www.leushko.com\/sk\/ocami-matky\/"]}]},{"@type":"BreadcrumbList","@id":"https:\/\/www.leushko.com\/sk\/ocami-matky\/#breadcrumb","itemListElement":[{"@type":"ListItem","position":1,"name":"Domovsk\u00e1 str\u00e1nka","item":"https:\/\/www.leushko.com\/"},{"@type":"ListItem","position":2,"name":"O\u010dami matky"}]},{"@type":"WebSite","@id":"https:\/\/www.leushko.com\/#website","url":"https:\/\/www.leushko.com\/","name":"Leushko","description":"Just another WordPress site","potentialAction":[{"@type":"SearchAction","target":{"@type":"EntryPoint","urlTemplate":"https:\/\/www.leushko.com\/?s={search_term_string}"},"query-input":"required name=search_term_string"}],"inLanguage":"sk-SK"}]}},"_links":{"self":[{"href":"https:\/\/www.leushko.com\/sk\/wp-json\/wp\/v2\/pages\/8451"}],"collection":[{"href":"https:\/\/www.leushko.com\/sk\/wp-json\/wp\/v2\/pages"}],"about":[{"href":"https:\/\/www.leushko.com\/sk\/wp-json\/wp\/v2\/types\/page"}],"author":[{"embeddable":true,"href":"https:\/\/www.leushko.com\/sk\/wp-json\/wp\/v2\/users\/1"}],"replies":[{"embeddable":true,"href":"https:\/\/www.leushko.com\/sk\/wp-json\/wp\/v2\/comments?post=8451"}],"version-history":[{"count":10,"href":"https:\/\/www.leushko.com\/sk\/wp-json\/wp\/v2\/pages\/8451\/revisions"}],"predecessor-version":[{"id":9006,"href":"https:\/\/www.leushko.com\/sk\/wp-json\/wp\/v2\/pages\/8451\/revisions\/9006"}],"wp:attachment":[{"href":"https:\/\/www.leushko.com\/sk\/wp-json\/wp\/v2\/media?parent=8451"}],"curies":[{"name":"wp","href":"https:\/\/api.w.org\/{rel}","templated":true}]}}