{"id":8433,"date":"2022-08-16T08:35:37","date_gmt":"2022-08-16T08:35:37","guid":{"rendered":"https:\/\/www.leushko.com\/?page_id=8433"},"modified":"2023-02-11T19:54:46","modified_gmt":"2023-02-11T19:54:46","slug":"darovat","status":"publish","type":"page","link":"https:\/\/www.leushko.com\/sk\/darovat\/","title":{"rendered":"Darova\u0165 2%"},"content":{"rendered":"<section class=\"wpb-content-wrapper\"><p>[vc_row css=&#8220;.vc_custom_1660640025752{padding-top: 60px !important;}&#8220; mobile_bg_img_hidden=&#8220;no&#8220; tablet_bg_img_hidden=&#8220;no&#8220; woodmart_parallax=&#8220;0&#8243; woodmart_gradient_switch=&#8220;no&#8220; row_reverse_mobile=&#8220;0&#8243; row_reverse_tablet=&#8220;0&#8243; woodmart_disable_overflow=&#8220;0&#8243;][vc_column]\t\t\t<div id=\"wd-62fb571eabbc0\" class=\"wd-text-block-wrapper wd-wpb wd-rs-62fb571eabbc0 color-scheme-custom text-center vc_custom_1660639019351 gluten-font\">\n\t\t\t\t<div class=\"woodmart-title-container woodmart-text-block reset-last-child font-primary wd-font-weight-300 \">\n\t\t\t\t\tDarova\u0165 2%\t\t\t\t<\/div>\n\n\t\t\t\t\t\t\t<\/div>\n\t\t\t\t\t<div id=\"wd-63e67a3b37677\" class=\"wd-text-block-wrapper wd-wpb wd-rs-63e67a3b37677 color-scheme-custom text-center wd-width-enabled vc_custom_1676048971240\" style=\"--wd-max-width: 30%;\">\n\t\t\t\t<div class=\"woodmart-title-container woodmart-text-block reset-last-child font-primary wd-font-weight-400 \">\n\t\t\t\t\tDarujte n\u00e1m Va\u0161e 2% z dane a podporte Lea k plynul\u00e9mu zaradeniu do \u017eivota.<\/p>\n<p><strong>Va\u0161e 2% z dane bude mo\u017en\u00e9 uplatni\u0165 a\u017e za rok 2023.<\/strong>\t\t\t\t<\/div>\n\n\t\t\t\t\t\t\t<\/div>\n\t\t[\/vc_column][\/vc_row][vc_row el_id=&#8220;zamestnanec-podnikatel&#8220; css=&#8220;.vc_custom_1660640031556{padding-top: 120px !important;padding-bottom: 120px !important;}&#8220; mobile_bg_img_hidden=&#8220;no&#8220; tablet_bg_img_hidden=&#8220;no&#8220; woodmart_parallax=&#8220;0&#8243; woodmart_gradient_switch=&#8220;no&#8220; row_reverse_mobile=&#8220;0&#8243; row_reverse_tablet=&#8220;0&#8243; woodmart_disable_overflow=&#8220;0&#8243;][vc_column width=&#8220;1\/2&#8243;]\t\t\t<div id=\"wd-62fb57ce71ccd\" class=\"wd-text-block-wrapper wd-wpb wd-rs-62fb57ce71ccd color-scheme-custom text-left vc_custom_1660639193338\">\n\t\t\t\t<div class=\"woodmart-title-container woodmart-text-block reset-last-child font-primary wd-font-weight-400 \">\n\t\t\t\t\tZAMESTNANEC\t\t\t\t<\/div>\n\n\t\t\t\t\t\t\t<\/div>\n\t\t\t\t\t<div id=\"wd-62fb57dd33578\" class=\"wd-text-block-wrapper wd-wpb wd-rs-62fb57dd33578 color-scheme-custom text-left vc_custom_1660639203156 gluten-font\">\n\t\t\t\t<div class=\"woodmart-title-container woodmart-text-block reset-last-child font-primary wd-font-weight-400 \">\n\t\t\t\t\tSte zamestnanec?\t\t\t\t<\/div>\n\n\t\t\t\t\t\t\t<\/div>\n\t\t\t\t\t<div id=\"wd-63e679f20f1f0\" class=\"wd-text-block-wrapper wd-wpb wd-rs-63e679f20f1f0 color-scheme-custom text-left vc_custom_1676048958516\">\n\t\t\t\t<div class=\"woodmart-title-container woodmart-text-block reset-last-child font-primary wd-font-weight-400 \">\n\t\t\t\t\tSta\u010d\u00ed oslovi\u0165 zamestn\u00e1vate\u013ea a po\u017eiada\u0165 o Potvrdenie o<br \/>\nzaplaten\u00ed dane. Je tak potrebn\u00e9 urobi\u0165 do 15.2 nasleduj\u00faceho roka. Vyp\u00ed\u0161ete<br \/>\nVyhl\u00e1senie na pouk\u00e1zanie 2% dan\u00ed 2023 a obe tla\u010div\u00e1 zanesiete<br \/>\nalebo po\u0161lete na najbli\u017e\u0161\u00ed Da\u0148ovy\u0301 \u00farad. To je v\u0161etko :).<\/p>\n<p><strong>Va\u0161e 2% z dane bude mo\u017en\u00e9 uplatni\u0165 a\u017e za rok 2023.<\/strong>\t\t\t\t<\/div>\n\n\t\t\t\t\t\t\t<\/div>\n\t\t[\/vc_column][vc_column width=&#8220;1\/2&#8243;]\t\t\t<div id=\"wd-62fb5803bf6ab\" class=\"wd-text-block-wrapper wd-wpb wd-rs-62fb5803bf6ab color-scheme-custom text-left vc_custom_1660639244352\">\n\t\t\t\t<div class=\"woodmart-title-container woodmart-text-block reset-last-child font-primary wd-font-weight-400 \">\n\t\t\t\t\tPODNIKATE\u013d\t\t\t\t<\/div>\n\n\t\t\t\t\t\t\t<\/div>\n\t\t\t\t\t<div id=\"wd-62fb580fbe3bb\" class=\"wd-text-block-wrapper wd-wpb wd-rs-62fb580fbe3bb color-scheme-custom text-left vc_custom_1660639249997 gluten-font\">\n\t\t\t\t<div class=\"woodmart-title-container woodmart-text-block reset-last-child font-primary wd-font-weight-400 \">\n\t\t\t\t\tSte podnikate\u013e?\t\t\t\t<\/div>\n\n\t\t\t\t\t\t\t<\/div>\n\t\t\t\t\t<div id=\"wd-63e643b09917c\" class=\"wd-text-block-wrapper wd-wpb wd-rs-63e643b09917c color-scheme-custom text-left vc_custom_1676035228983\">\n\t\t\t\t<div class=\"woodmart-title-container woodmart-text-block reset-last-child font-primary wd-font-weight-400 \">\n\t\t\t\t\tPo vypo\u010d\u00edtan\u00ed dane na \u00fahradu, n\u00e1jdete na \u010fal\u0161ej strane tabu\u013eku: Vyhl\u00e1senie o pouk\u00e1zan\u00ed podielu zaplatenej dane, kde vp\u00ed\u0161ete na\u0161e \u00fadaje: <span style=\"color: #1033ac;\">I\u010cO: 42090393<\/span> N\u00e1zov : <span class=\"il\">Leo<\/span>\u00b4s\u00a0<span class=\"il\">Friends.<\/span> Ak d\u00e1vate da\u0148ov\u00e9 priznanie elektronicky viac u\u017e ni\u010d nemus\u00edte rie\u0161i\u0165.\t\t\t\t<\/div>\n\n\t\t\t\t\t\t\t<\/div>\n\t\t[\/vc_column][\/vc_row][vc_row woodmart_css_id=&#8220;6103ed6e1a900&#8243; responsive_spacing=&#8220;eyJwYXJhbV90eXBlIjoid29vZG1hcnRfcmVzcG9uc2l2ZV9zcGFjaW5nIiwic2VsZWN0b3JfaWQiOiI2MTAzZWQ2ZTFhOTAwIiwic2hvcnRjb2RlIjoidmNfcm93IiwiZGF0YSI6eyJ0YWJsZXQiOnsibWFyZ2luLWJvdHRvbSI6IjYwIn0sIm1vYmlsZSI6eyJtYXJnaW4tYm90dG9tIjoiNDAifX19&#8243; mobile_bg_img_hidden=&#8220;no&#8220; tablet_bg_img_hidden=&#8220;no&#8220; woodmart_parallax=&#8220;0&#8243; woodmart_gradient_switch=&#8220;no&#8220; row_reverse_mobile=&#8220;0&#8243; row_reverse_tablet=&#8220;0&#8243; woodmart_disable_overflow=&#8220;0&#8243; css=&#8220;.vc_custom_1660640224172{margin-bottom: 120px !important;background-position: center !important;background-repeat: no-repeat !important;background-size: cover !important;}&#8220; el_id=&#8220;podporte-nas-darovanim&#8220;][vc_column offset=&#8220;vc_col-lg-offset-1 vc_col-lg-10 vc_col-md-offset-1 vc_col-md-10 vc_col-sm-offset-0 vc_col-xs-12&#8243; mobile_bg_img_hidden=&#8220;no&#8220; tablet_bg_img_hidden=&#8220;no&#8220; woodmart_parallax=&#8220;0&#8243; woodmart_sticky_column=&#8220;false&#8220; parallax_scroll=&#8220;no&#8220; mobile_reset_margin=&#8220;no&#8220; tablet_reset_margin=&#8220;no&#8220; css=&#8220;.vc_custom_1660573407063{background-image: url(https:\/\/www.leushko.com\/wp-content\/uploads\/2022\/08\/gradient-banner.svg?id=8346) !important;background-position: center !important;background-repeat: no-repeat !important;background-size: cover !important;}&#8220; el_id=&#8220;gradient-slovnik&#8220;][vc_row_inner row_reverse_mobile=&#8220;0&#8243; row_reverse_tablet=&#8220;0&#8243;][vc_column_inner css=&#8220;.vc_custom_1660639326072{padding-top: 32px !important;padding-bottom: 32px !important;padding-left: 32px !important;}&#8220; offset=&#8220;vc_col-lg-12 vc_col-md-12 vc_col-xs-12&#8243;]\t\t\t<div id=\"wd-62fa59fbe9837\" class=\"wd-text-block-wrapper wd-wpb wd-rs-62fa59fbe9837 color-scheme-light text-left vc_custom_1660574213043\">\n\t\t\t\t<div class=\"woodmart-title-container woodmart-text-block reset-last-child font-primary wd-font-weight-400 \">\n\t\t\t\t\tPODPORTE N\u00c1S\t\t\t\t<\/div>\n\n\t\t\t\t\t\t\t<\/div>\n\t\t\t\t\t<div id=\"wd-62fb58fac97e7\" class=\"wd-text-block-wrapper wd-wpb wd-rs-62fb58fac97e7 color-scheme-light text-left vc_custom_1660639484211 gluten-font\">\n\t\t\t\t<div class=\"woodmart-title-container woodmart-text-block reset-last-child font-primary wd-font-weight-400 wd-fontsize-xl\">\n\t\t\t\t\tM\u00f4\u017eete n\u00e1s podpori\u0165 aj prostredn\u00edctvom transparentn\u00e9ho<br \/>\n\u00fa\u010dtu alebo anonymny\u0301m darom.\t\t\t\t<\/div>\n\n\t\t\t\t\t\t\t<\/div>\n\t\t<div id=\"wd-63c6aceb2e6e4\" class=\" wd-rs-63c6aceb2e6e4  wd-button-wrapper text-center inline-element\"><a href=\"https:\/\/ib.vub.sk\/pch\/transparentne-ucty?iban=SK2502000000004670864359\" title=\"\" target=\"_blank\" class=\"btn btn-color-white btn-style-default btn-style-round btn-size-default\">Transparentn\u00fd \u00fa\u010det<\/a><\/div><div id=\"wd-63e7f279d2c1d\" class=\" wd-rs-63e7f279d2c1d  wd-button-wrapper text-center inline-element\"><a href=\"https:\/\/www.leushko.com\/sk\/kontakt\/\" title=\"Kontakt\" class=\"btn btn-color-white btn-style-default btn-style-round btn-size-default\">Darova\u0165 anonymne<\/a><\/div>[\/vc_column_inner][\/vc_row_inner][\/vc_column][\/vc_row][vc_row css=&#8220;.vc_custom_1660630722814{padding-bottom: 120px !important;}&#8220; mobile_bg_img_hidden=&#8220;no&#8220; tablet_bg_img_hidden=&#8220;no&#8220; woodmart_parallax=&#8220;0&#8243; woodmart_gradient_switch=&#8220;no&#8220; row_reverse_mobile=&#8220;0&#8243; row_reverse_tablet=&#8220;0&#8243; woodmart_disable_overflow=&#8220;0&#8243; el_id=&#8220;contact-form&#8220;][vc_column]\t\t\t<div id=\"wd-62fa5bb8aae5a\" class=\"wd-text-block-wrapper wd-wpb wd-rs-62fa5bb8aae5a color-scheme-custom text-center vc_custom_1660574649837 gluten-font\">\n\t\t\t\t<div class=\"woodmart-title-container woodmart-text-block reset-last-child font-primary wd-font-weight-400 \">\n\t\t\t\t\tPotrebujete poradi\u0165<br \/>\nalebo podpori\u0165?\t\t\t\t<\/div>\n\n\t\t\t\t\t\t\t<\/div>\n\t\t\t\t\t<div id=\"wd-62fb2db65dba1\" class=\"wd-text-block-wrapper wd-wpb wd-rs-62fb2db65dba1 color-scheme-custom text-center wd-width-enabled vc_custom_1660628413017\" style=\"--wd-max-width: 70%;\">\n\t\t\t\t<div class=\"woodmart-title-container woodmart-text-block reset-last-child font-primary wd-font-weight-400 \">\n\t\t\t\t\tNev\u00e1hajte n\u00e1s kontaktova\u0165\t\t\t\t<\/div>\n\n\t\t\t\t\t\t\t<\/div>\n\t\t<div class=\"wpcf7 no-js\" id=\"wpcf7-f6-o1\" lang=\"sk-SK\" dir=\"ltr\">\n<div class=\"screen-reader-response\"><p role=\"status\" aria-live=\"polite\" aria-atomic=\"true\"><\/p> <ul><\/ul><\/div>\n<form action=\"\/sk\/wp-json\/wp\/v2\/pages\/8433#wpcf7-f6-o1\" method=\"post\" class=\"wpcf7-form init\" aria-label=\"Contact form\" novalidate=\"novalidate\" data-status=\"init\">\n<div style=\"display: none;\">\n<input type=\"hidden\" name=\"_wpcf7\" value=\"6\" \/>\n<input type=\"hidden\" name=\"_wpcf7_version\" value=\"5.7.1\" \/>\n<input type=\"hidden\" name=\"_wpcf7_locale\" value=\"sk_SK\" \/>\n<input type=\"hidden\" name=\"_wpcf7_unit_tag\" value=\"wpcf7-f6-o1\" \/>\n<input type=\"hidden\" name=\"_wpcf7_container_post\" value=\"0\" \/>\n<input type=\"hidden\" name=\"_wpcf7_posted_data_hash\" value=\"\" \/>\n<\/div>\n<p><label>VA\u0160E MENO<br \/>\n<span class=\"wpcf7-form-control-wrap\" data-name=\"your-name\"><input size=\"40\" class=\"wpcf7-form-control wpcf7-text wpcf7-validates-as-required\" aria-required=\"true\" aria-invalid=\"false\" value=\"\" type=\"text\" name=\"your-name\" \/><\/span> <\/label>\n<\/p>\n<div class=\"form-div\" style=\"display:flex;gap:30px; width:100%;\">\n\t<p><label style=\"width:100%\">TELEF\u00d3NNE \u010c\u00cdSLO<span class=\"wpcf7-form-control-wrap\" data-name=\"tel-number\"><input size=\"40\" class=\"wpcf7-form-control wpcf7-text wpcf7-tel wpcf7-validates-as-required wpcf7-validates-as-tel\" aria-required=\"true\" aria-invalid=\"false\" value=\"\" type=\"tel\" name=\"tel-number\" \/><\/span><\/label>\n\t<\/p>\n\t<p><label style=\"width:100%\">V\u00c1\u0160 EMAIL<span class=\"wpcf7-form-control-wrap\" data-name=\"your-email\"><input size=\"40\" class=\"wpcf7-form-control wpcf7-text wpcf7-email wpcf7-validates-as-required wpcf7-validates-as-email\" aria-required=\"true\" aria-invalid=\"false\" value=\"\" type=\"email\" name=\"your-email\" \/><\/span> <\/label>\n\t<\/p>\n<\/div>\n<p><label>VA\u0160A SPR\u00c1VA<br \/>\n<span class=\"wpcf7-form-control-wrap\" data-name=\"your-message\"><textarea cols=\"40\" rows=\"10\" class=\"wpcf7-form-control wpcf7-textarea wpcf7-validates-as-required\" aria-required=\"true\" aria-invalid=\"false\" name=\"your-message\"><\/textarea><\/span> <\/label>\n<\/p>\n<div class=\"form-text\" style=\"display:flex;align-items:center; gap:32px\">\n\t<p><input class=\"wpcf7-form-control has-spinner wpcf7-submit\" type=\"submit\" value=\"Odosla\u0165\" \/>\n\t<\/p>\n\t<p style=\"margin-bottom:0px;color:#878787;\">Va\u0161e osobn\u00e9 \u00fadaje sprac\u00favame za \u00fa\u010delom vybavenia dopytu.<br \/>\nViac sa do\u010d\u00edtate v sekcii Z\u00e1sady <a class=\"privacy-policy-contact\" href=\"https:\/\/www.leushko.com\/sk\/privacy-policy\" style=\"text-decoration:underline;color:#1033AC;\">ochrany osobn\u00fdch \u00fadajov.<\/a>\n\t<\/p>\n<\/div><div class=\"wpcf7-response-output\" aria-hidden=\"true\"><\/div><\/form><\/div>[\/vc_column][\/vc_row]<\/p>\n<\/section>","protected":false},"excerpt":{"rendered":"<p>[vc_row css=&#8220;.vc_custom_1660640025752{padding-top: 60px !important;}&#8220; mobile_bg_img_hidden=&#8220;no&#8220; tablet_bg_img_hidden=&#8220;no&#8220; woodmart_parallax=&#8220;0&#8243; woodmart_gradient_switch=&#8220;no&#8220; row_reverse_mobile=&#8220;0&#8243; row_reverse_tablet=&#8220;0&#8243; woodmart_disable_overflow=&#8220;0&#8243;][vc_column][\/vc_column][\/vc_row][vc_row el_id=&#8220;zamestnanec-podnikatel&#8220; css=&#8220;.vc_custom_1660640031556{padding-top: 120px !important;padding-bottom: 120px !important;}&#8220; mobile_bg_img_hidden=&#8220;no&#8220; tablet_bg_img_hidden=&#8220;no&#8220; woodmart_parallax=&#8220;0&#8243;<\/p>\n","protected":false},"author":1,"featured_media":0,"parent":0,"menu_order":0,"comment_status":"closed","ping_status":"closed","template":"","meta":[],"yoast_head":"<!-- This site is optimized with the Yoast SEO plugin v19.13 - https:\/\/yoast.com\/wordpress\/plugins\/seo\/ -->\n<title>Darova\u0165 2% - Leushko<\/title>\n<meta name=\"robots\" content=\"index, follow, max-snippet:-1, max-image-preview:large, max-video-preview:-1\" \/>\n<link rel=\"canonical\" href=\"https:\/\/www.leushko.com\/sk\/darovat\/\" \/>\n<meta property=\"og:locale\" content=\"sk_SK\" \/>\n<meta property=\"og:type\" content=\"article\" \/>\n<meta property=\"og:title\" content=\"Darova\u0165 2% - Leushko\" \/>\n<meta property=\"og:description\" content=\"[vc_row css=&#8220;.vc_custom_1660640025752{padding-top: 60px !important;}&#8220; mobile_bg_img_hidden=&#8220;no&#8220; tablet_bg_img_hidden=&#8220;no&#8220; woodmart_parallax=&#8220;0&#8243; woodmart_gradient_switch=&#8220;no&#8220; row_reverse_mobile=&#8220;0&#8243; row_reverse_tablet=&#8220;0&#8243; woodmart_disable_overflow=&#8220;0&#8243;][vc_column][\/vc_column][\/vc_row][vc_row el_id=&#8220;zamestnanec-podnikatel&#8220; css=&#8220;.vc_custom_1660640031556{padding-top: 120px !important;padding-bottom: 120px !important;}&#8220; mobile_bg_img_hidden=&#8220;no&#8220; tablet_bg_img_hidden=&#8220;no&#8220; woodmart_parallax=&#8220;0&#8243;\" \/>\n<meta property=\"og:url\" content=\"https:\/\/www.leushko.com\/sk\/darovat\/\" \/>\n<meta property=\"og:site_name\" content=\"Leushko\" \/>\n<meta property=\"article:modified_time\" content=\"2023-02-11T19:54:46+00:00\" \/>\n<meta name=\"twitter:card\" content=\"summary_large_image\" \/>\n<meta name=\"twitter:label1\" content=\"Predpokladan\u00fd \u010das \u010d\u00edtania\" \/>\n\t<meta name=\"twitter:data1\" content=\"2 min\u00faty\" \/>\n<script type=\"application\/ld+json\" class=\"yoast-schema-graph\">{\"@context\":\"https:\/\/schema.org\",\"@graph\":[{\"@type\":\"WebPage\",\"@id\":\"https:\/\/www.leushko.com\/sk\/darovat\/\",\"url\":\"https:\/\/www.leushko.com\/sk\/darovat\/\",\"name\":\"Darova\u0165 2% - Leushko\",\"isPartOf\":{\"@id\":\"https:\/\/www.leushko.com\/#website\"},\"datePublished\":\"2022-08-16T08:35:37+00:00\",\"dateModified\":\"2023-02-11T19:54:46+00:00\",\"breadcrumb\":{\"@id\":\"https:\/\/www.leushko.com\/sk\/darovat\/#breadcrumb\"},\"inLanguage\":\"sk-SK\",\"potentialAction\":[{\"@type\":\"ReadAction\",\"target\":[\"https:\/\/www.leushko.com\/sk\/darovat\/\"]}]},{\"@type\":\"BreadcrumbList\",\"@id\":\"https:\/\/www.leushko.com\/sk\/darovat\/#breadcrumb\",\"itemListElement\":[{\"@type\":\"ListItem\",\"position\":1,\"name\":\"Domovsk\u00e1 str\u00e1nka\",\"item\":\"https:\/\/www.leushko.com\/\"},{\"@type\":\"ListItem\",\"position\":2,\"name\":\"Darova\u0165 2%\"}]},{\"@type\":\"WebSite\",\"@id\":\"https:\/\/www.leushko.com\/#website\",\"url\":\"https:\/\/www.leushko.com\/\",\"name\":\"Leushko\",\"description\":\"Just another WordPress site\",\"potentialAction\":[{\"@type\":\"SearchAction\",\"target\":{\"@type\":\"EntryPoint\",\"urlTemplate\":\"https:\/\/www.leushko.com\/?s={search_term_string}\"},\"query-input\":\"required name=search_term_string\"}],\"inLanguage\":\"sk-SK\"}]}<\/script>\n<!-- \/ Yoast SEO plugin. -->","yoast_head_json":{"title":"Darova\u0165 2% - Leushko","robots":{"index":"index","follow":"follow","max-snippet":"max-snippet:-1","max-image-preview":"max-image-preview:large","max-video-preview":"max-video-preview:-1"},"canonical":"https:\/\/www.leushko.com\/sk\/darovat\/","og_locale":"sk_SK","og_type":"article","og_title":"Darova\u0165 2% - Leushko","og_description":"[vc_row css=&#8220;.vc_custom_1660640025752{padding-top: 60px !important;}&#8220; mobile_bg_img_hidden=&#8220;no&#8220; tablet_bg_img_hidden=&#8220;no&#8220; woodmart_parallax=&#8220;0&#8243; woodmart_gradient_switch=&#8220;no&#8220; row_reverse_mobile=&#8220;0&#8243; row_reverse_tablet=&#8220;0&#8243; woodmart_disable_overflow=&#8220;0&#8243;][vc_column][\/vc_column][\/vc_row][vc_row el_id=&#8220;zamestnanec-podnikatel&#8220; css=&#8220;.vc_custom_1660640031556{padding-top: 120px !important;padding-bottom: 120px !important;}&#8220; mobile_bg_img_hidden=&#8220;no&#8220; tablet_bg_img_hidden=&#8220;no&#8220; woodmart_parallax=&#8220;0&#8243;","og_url":"https:\/\/www.leushko.com\/sk\/darovat\/","og_site_name":"Leushko","article_modified_time":"2023-02-11T19:54:46+00:00","twitter_card":"summary_large_image","twitter_misc":{"Predpokladan\u00fd \u010das \u010d\u00edtania":"2 min\u00faty"},"schema":{"@context":"https:\/\/schema.org","@graph":[{"@type":"WebPage","@id":"https:\/\/www.leushko.com\/sk\/darovat\/","url":"https:\/\/www.leushko.com\/sk\/darovat\/","name":"Darova\u0165 2% - Leushko","isPartOf":{"@id":"https:\/\/www.leushko.com\/#website"},"datePublished":"2022-08-16T08:35:37+00:00","dateModified":"2023-02-11T19:54:46+00:00","breadcrumb":{"@id":"https:\/\/www.leushko.com\/sk\/darovat\/#breadcrumb"},"inLanguage":"sk-SK","potentialAction":[{"@type":"ReadAction","target":["https:\/\/www.leushko.com\/sk\/darovat\/"]}]},{"@type":"BreadcrumbList","@id":"https:\/\/www.leushko.com\/sk\/darovat\/#breadcrumb","itemListElement":[{"@type":"ListItem","position":1,"name":"Domovsk\u00e1 str\u00e1nka","item":"https:\/\/www.leushko.com\/"},{"@type":"ListItem","position":2,"name":"Darova\u0165 2%"}]},{"@type":"WebSite","@id":"https:\/\/www.leushko.com\/#website","url":"https:\/\/www.leushko.com\/","name":"Leushko","description":"Just another WordPress site","potentialAction":[{"@type":"SearchAction","target":{"@type":"EntryPoint","urlTemplate":"https:\/\/www.leushko.com\/?s={search_term_string}"},"query-input":"required name=search_term_string"}],"inLanguage":"sk-SK"}]}},"_links":{"self":[{"href":"https:\/\/www.leushko.com\/sk\/wp-json\/wp\/v2\/pages\/8433"}],"collection":[{"href":"https:\/\/www.leushko.com\/sk\/wp-json\/wp\/v2\/pages"}],"about":[{"href":"https:\/\/www.leushko.com\/sk\/wp-json\/wp\/v2\/types\/page"}],"author":[{"embeddable":true,"href":"https:\/\/www.leushko.com\/sk\/wp-json\/wp\/v2\/users\/1"}],"replies":[{"embeddable":true,"href":"https:\/\/www.leushko.com\/sk\/wp-json\/wp\/v2\/comments?post=8433"}],"version-history":[{"count":24,"href":"https:\/\/www.leushko.com\/sk\/wp-json\/wp\/v2\/pages\/8433\/revisions"}],"predecessor-version":[{"id":9002,"href":"https:\/\/www.leushko.com\/sk\/wp-json\/wp\/v2\/pages\/8433\/revisions\/9002"}],"wp:attachment":[{"href":"https:\/\/www.leushko.com\/sk\/wp-json\/wp\/v2\/media?parent=8433"}],"curies":[{"name":"wp","href":"https:\/\/api.w.org\/{rel}","templated":true}]}}