{"id":8735,"date":"2022-08-15T14:31:22","date_gmt":"2022-08-15T14:31:22","guid":{"rendered":"https:\/\/www.leushko.com\/pomoct\/"},"modified":"2023-02-11T18:58:21","modified_gmt":"2023-02-11T18:58:21","slug":"aiutare","status":"publish","type":"page","link":"https:\/\/www.leushko.com\/it\/aiutare\/","title":{"rendered":"Aiutare"},"content":{"rendered":"<section class=\"wpb-content-wrapper\"><p>[vc_row el_id=&#8221;my_world&#8221; mobile_bg_img_hidden=&#8221;no&#8221; tablet_bg_img_hidden=&#8221;no&#8221; woodmart_parallax=&#8221;0&#8243; woodmart_gradient_switch=&#8221;no&#8221; row_reverse_mobile=&#8221;0&#8243; row_reverse_tablet=&#8221;0&#8243; woodmart_disable_overflow=&#8221;0&#8243; css=&#8221;.vc_custom_1659045115001{padding-top: 120px !important;padding-bottom: 120px !important;}&#8221;][vc_column width=&#8221;1\/2&#8243;]\t\t\t<div id=\"wd-63dbffc10d794\" class=\"wd-text-block-wrapper wd-wpb wd-rs-63dbffc10d794 color-scheme-custom text-left vc_custom_1675362242734 gluten-font\">\n\t\t\t\t<div class=\"woodmart-title-container woodmart-text-block reset-last-child font-primary wd-font-weight-400 \">\n\t\t\t\t\tAiuto<\/p>\n<p>(conto trasparente)\t\t\t\t<\/div>\n\n\t\t\t\t\t\t\t<\/div>\n\t\t\t\t\t<div id=\"wd-63dbffc646a53\" class=\"wd-text-block-wrapper wd-wpb wd-rs-63dbffc646a53 color-scheme-custom text-left wd-width-enabled vc_custom_1675362281641\" style=\"--wd-max-width: 70%;\">\n\t\t\t\t<div class=\"woodmart-title-container woodmart-text-block reset-last-child font-primary wd-font-weight-400 \">\n\t\t\t\t\tAffinch\u00e9 il nostro piccolo Leo possa vivere una vita piena, cerchiamo aiuto per risolvere il suo handicap in tutto il mondo. Non solo la ricerca di aiuto, ma anche l&#8217;aiuto stesso \u00e8 finanziariamente costoso, ecco perch\u00e9 abbiamo <a href=\"https:\/\/ib.vub.sk\/pch\/transparentne-ucty?iban=SK2502000000004670864359\">creato un conto per piccolo Leo<\/a>, dove puoi anche contribuire anche tu.<\/p>\n<p>Puoi aiutare anche <a href=\"https:\/\/www.leushko.com\/darovat\/\">donando il 2% delle tue tasse.<\/a><\/p>\n<p>&nbsp;<\/p>\n<p>GRAZIE per tutto l&#8217;aiuto. \u2764\t\t\t\t<\/div>\n\n\t\t\t\t\t\t\t<\/div>\n\t\t[\/vc_column][vc_column width=&#8221;1\/2&#8243;][vc_single_image image=&#8221;8982&#8243; img_size=&#8221;full&#8221; alignment=&#8221;right&#8221; woodmart_inline=&#8221;no&#8221; parallax_scroll=&#8221;no&#8221;][\/vc_column][\/vc_row][vc_row woodmart_css_id=&#8221;6103ed6e1a900&#8243; responsive_spacing=&#8221;eyJwYXJhbV90eXBlIjoid29vZG1hcnRfcmVzcG9uc2l2ZV9zcGFjaW5nIiwic2VsZWN0b3JfaWQiOiI2MTAzZWQ2ZTFhOTAwIiwic2hvcnRjb2RlIjoidmNfcm93IiwiZGF0YSI6eyJ0YWJsZXQiOnsibWFyZ2luLWJvdHRvbSI6IjYwIn0sIm1vYmlsZSI6eyJtYXJnaW4tYm90dG9tIjoiNDAifX19&#8243; mobile_bg_img_hidden=&#8221;no&#8221; tablet_bg_img_hidden=&#8221;no&#8221; woodmart_parallax=&#8221;0&#8243; woodmart_gradient_switch=&#8221;no&#8221; row_reverse_mobile=&#8221;0&#8243; row_reverse_tablet=&#8221;0&#8243; woodmart_disable_overflow=&#8221;0&#8243; css=&#8221;.vc_custom_1660640186454{margin-bottom: 120px !important;background-position: center !important;background-repeat: no-repeat !important;background-size: cover !important;}&#8221; el_id=&#8221;podporte-nas&#8221;][vc_column offset=&#8221;vc_col-lg-offset-1 vc_col-lg-10 vc_col-md-offset-1 vc_col-md-10 vc_col-sm-offset-0 vc_col-xs-12&#8243; mobile_bg_img_hidden=&#8221;no&#8221; tablet_bg_img_hidden=&#8221;no&#8221; woodmart_parallax=&#8221;0&#8243; woodmart_sticky_column=&#8221;false&#8221; parallax_scroll=&#8221;no&#8221; mobile_reset_margin=&#8221;no&#8221; tablet_reset_margin=&#8221;no&#8221; css=&#8221;.vc_custom_1660573407063{background-image: url(https:\/\/www.leushko.com\/wp-content\/uploads\/2022\/08\/gradient-banner.svg?id=8346) !important;background-position: center !important;background-repeat: no-repeat !important;background-size: cover !important;}&#8221; el_id=&#8221;gradient-slovnik&#8221;][vc_row_inner row_reverse_mobile=&#8221;0&#8243; row_reverse_tablet=&#8221;0&#8243;][vc_column_inner el_class=&#8221;inside-padding-top&#8221; css=&#8221;.vc_custom_1676141897985{padding-top: 32px !important;padding-bottom: 32px !important;padding-left: 32px !important;}&#8221; offset=&#8221;vc_col-lg-6 vc_col-md-6 vc_col-xs-12&#8243;]\t\t\t<div id=\"wd-63dbffecda28c\" class=\"wd-text-block-wrapper wd-wpb wd-rs-63dbffecda28c color-scheme-light text-left vc_custom_1675362290627\">\n\t\t\t\t<div class=\"woodmart-title-container woodmart-text-block reset-last-child font-primary wd-font-weight-400 \">\n\t\t\t\t\tSUPPORTACI\t\t\t\t<\/div>\n\n\t\t\t\t\t\t\t<\/div>\n\t\t\t\t\t<div id=\"wd-63dbfff583450\" class=\"wd-text-block-wrapper wd-wpb wd-rs-63dbfff583450 color-scheme-light text-left vc_custom_1675362297545 gluten-font\">\n\t\t\t\t<div class=\"woodmart-title-container woodmart-text-block reset-last-child font-primary wd-font-weight-400 wd-fontsize-xl\">\n\t\t\t\t\t2% o Da persone a\u00a0persone\t\t\t\t<\/div>\n\n\t\t\t\t\t\t\t<\/div>\n\t\t\t\t\t<div id=\"wd-63dbfffc7f774\" class=\"wd-text-block-wrapper wd-wpb wd-rs-63dbfffc7f774 color-scheme-light text-left wd-width-enabled vc_custom_1675362303648\" style=\"--wd-max-width: 80%;\">\n\t\t\t\t<div class=\"woodmart-title-container woodmart-text-block reset-last-child font-primary wd-font-weight-400 \">\n\t\t\t\t\tNel tempo abbiamo raccolto molte informazioni, dove cercare aiuto ed esperti\t\t\t\t<\/div>\n\n\t\t\t\t\t\t\t<\/div>\n\t\t<div id=\"wd-63dc000279d5b\" class=\" wd-rs-63dc000279d5b  wd-button-wrapper text-center inline-element\"><a href=\"https:\/\/www.leushko.com\/it\/dona-il\/\" title=\"Dona il 2%\" class=\"btn btn-color-white btn-style-default btn-style-round btn-size-default\">Dona il 2%<\/a><\/div>[\/vc_column_inner][vc_column_inner offset=&#8221;vc_col-lg-6 vc_col-md-6 vc_col-xs-12&#8243;][vc_single_image image=&#8221;8653&#8243; img_size=&#8221;full&#8221; alignment=&#8221;right&#8221; woodmart_inline=&#8221;no&#8221; parallax_scroll=&#8221;no&#8221;][\/vc_column_inner][\/vc_row_inner][\/vc_column][\/vc_row][vc_row css=&#8221;.vc_custom_1660640123678{padding-bottom: 120px !important;}&#8221; mobile_bg_img_hidden=&#8221;no&#8221; tablet_bg_img_hidden=&#8221;no&#8221; woodmart_parallax=&#8221;0&#8243; woodmart_gradient_switch=&#8221;no&#8221; row_reverse_mobile=&#8221;0&#8243; row_reverse_tablet=&#8221;0&#8243; woodmart_disable_overflow=&#8221;0&#8243; el_id=&#8221;contact-form&#8221;][vc_column]\t\t\t<div id=\"wd-63dc000f6766a\" class=\"wd-text-block-wrapper wd-wpb wd-rs-63dc000f6766a color-scheme-custom text-center vc_custom_1675362322686 gluten-font\">\n\t\t\t\t<div class=\"woodmart-title-container woodmart-text-block reset-last-child font-primary wd-font-weight-400 \">\n\t\t\t\t\tHai bisogno di consigli o supporto?\t\t\t\t<\/div>\n\n\t\t\t\t\t\t\t<\/div>\n\t\t\t\t\t<div id=\"wd-63dc0015cb6ff\" class=\"wd-text-block-wrapper wd-wpb wd-rs-63dc0015cb6ff color-scheme-custom text-center wd-width-enabled vc_custom_1675362328564\" style=\"--wd-max-width: 70%;\">\n\t\t\t\t<div class=\"woodmart-title-container woodmart-text-block reset-last-child font-primary wd-font-weight-400 \">\n\t\t\t\t\tNon esitare a contattarci\t\t\t\t<\/div>\n\n\t\t\t\t\t\t\t<\/div>\n\t\t<div class=\"wpcf7 no-js\" id=\"wpcf7-f8784-o1\" lang=\"it-IT\" dir=\"ltr\">\n<div class=\"screen-reader-response\"><p role=\"status\" aria-live=\"polite\" aria-atomic=\"true\"><\/p> <ul><\/ul><\/div>\n<form action=\"\/it\/wp-json\/wp\/v2\/pages\/8735#wpcf7-f8784-o1\" method=\"post\" class=\"wpcf7-form init\" aria-label=\"Modulo di contatto\" novalidate=\"novalidate\" data-status=\"init\">\n<div style=\"display: none;\">\n<input type=\"hidden\" name=\"_wpcf7\" value=\"8784\" \/>\n<input type=\"hidden\" name=\"_wpcf7_version\" value=\"5.7.1\" \/>\n<input type=\"hidden\" name=\"_wpcf7_locale\" value=\"it_IT\" \/>\n<input type=\"hidden\" name=\"_wpcf7_unit_tag\" value=\"wpcf7-f8784-o1\" \/>\n<input type=\"hidden\" name=\"_wpcf7_container_post\" value=\"0\" \/>\n<input type=\"hidden\" name=\"_wpcf7_posted_data_hash\" value=\"\" \/>\n<\/div>\n<p><label>IL TUO NOME<br \/>\n<span class=\"wpcf7-form-control-wrap\" data-name=\"your-name\"><input size=\"40\" class=\"wpcf7-form-control wpcf7-text wpcf7-validates-as-required\" aria-required=\"true\" aria-invalid=\"false\" value=\"\" type=\"text\" name=\"your-name\" \/><\/span> <\/label>\n<\/p>\n<div class=\"form-div\" style=\"display:flex;gap:30px; width:100%;\">\n\t<p><label style=\"width:100%\">NUMERO DI TELEFONO<span class=\"wpcf7-form-control-wrap\" data-name=\"tel-number\"><input size=\"40\" class=\"wpcf7-form-control wpcf7-text wpcf7-tel wpcf7-validates-as-required wpcf7-validates-as-tel\" aria-required=\"true\" aria-invalid=\"false\" value=\"\" type=\"tel\" name=\"tel-number\" \/><\/span><\/label>\n\t<\/p>\n\t<p><label style=\"width:100%\">LA TUA EMAIL<span class=\"wpcf7-form-control-wrap\" data-name=\"your-email\"><input size=\"40\" class=\"wpcf7-form-control wpcf7-text wpcf7-email wpcf7-validates-as-required wpcf7-validates-as-email\" aria-required=\"true\" aria-invalid=\"false\" value=\"\" type=\"email\" name=\"your-email\" \/><\/span> <\/label>\n\t<\/p>\n<\/div>\n<p><label>IL TUO MESSAGGIO<br \/>\n<span class=\"wpcf7-form-control-wrap\" data-name=\"your-message\"><textarea cols=\"40\" rows=\"10\" class=\"wpcf7-form-control wpcf7-textarea wpcf7-validates-as-required\" aria-required=\"true\" aria-invalid=\"false\" name=\"your-message\"><\/textarea><\/span> <\/label>\n<\/p>\n<div class=\"form-text\" style=\"display:flex;align-items:center; gap:32px\">\n\t<p><input class=\"wpcf7-form-control has-spinner wpcf7-submit\" type=\"submit\" value=\"INVIARE\" \/>\n\t<\/p>\n\t<p style=\"margin-bottom:0px;color:#878787;\">I dati personali saranno trattati allo scopo di soddisfare la richiesta.<br \/>\nDi pi\u00f9 sui dati personali nella sezione <a class=\"privacy-policy-contact\" href=\"https:\/\/www.leushko.sk\/it\/protezione-dei-dati-personali\/\" style=\"text-decoration:underline;color:#1033AC;\">Principi di protezione dei dati personali.<\/a>\n\t<\/p>\n<\/div><div class=\"wpcf7-response-output\" aria-hidden=\"true\"><\/div><\/form><\/div>[\/vc_column][\/vc_row]<\/p>\n<\/section>","protected":false},"excerpt":{"rendered":"<p>[vc_row el_id=&#8221;my_world&#8221; mobile_bg_img_hidden=&#8221;no&#8221; tablet_bg_img_hidden=&#8221;no&#8221; woodmart_parallax=&#8221;0&#8243; woodmart_gradient_switch=&#8221;no&#8221; row_reverse_mobile=&#8221;0&#8243; row_reverse_tablet=&#8221;0&#8243; woodmart_disable_overflow=&#8221;0&#8243; css=&#8221;.vc_custom_1659045115001{padding-top: 120px !important;padding-bottom: 120px !important;}&#8221;][vc_column width=&#8221;1\/2&#8243;][\/vc_column][vc_column width=&#8221;1\/2&#8243;][vc_single_image image=&#8221;8982&#8243; img_size=&#8221;full&#8221; alignment=&#8221;right&#8221; woodmart_inline=&#8221;no&#8221;<\/p>\n","protected":false},"author":1,"featured_media":0,"parent":0,"menu_order":0,"comment_status":"closed","ping_status":"closed","template":"","meta":[],"yoast_head":"<!-- This site is optimized with the Yoast SEO plugin v19.13 - https:\/\/yoast.com\/wordpress\/plugins\/seo\/ -->\n<title>Aiutare - Leushko<\/title>\n<meta name=\"description\" content=\"H\u013ead\u00e1me pomoc pre rie\u0161enie\u00a0hendikepu po celom svete. Preto sme vytvorili transparentn\u00fd \u00fa\u010det, kde m\u00f4\u017eete prispie\u0165 a pom\u00f4c\u0165 aj vy.\" \/>\n<meta name=\"robots\" content=\"index, follow, max-snippet:-1, max-image-preview:large, max-video-preview:-1\" \/>\n<link rel=\"canonical\" href=\"https:\/\/www.leushko.com\/it\/aiutare\/\" \/>\n<meta property=\"og:locale\" content=\"it_IT\" \/>\n<meta property=\"og:type\" content=\"article\" \/>\n<meta property=\"og:title\" content=\"Aiutare - Leushko\" \/>\n<meta property=\"og:description\" content=\"H\u013ead\u00e1me pomoc pre rie\u0161enie\u00a0hendikepu po celom svete. Preto sme vytvorili transparentn\u00fd \u00fa\u010det, kde m\u00f4\u017eete prispie\u0165 a pom\u00f4c\u0165 aj vy.\" \/>\n<meta property=\"og:url\" content=\"https:\/\/www.leushko.com\/it\/aiutare\/\" \/>\n<meta property=\"og:site_name\" content=\"Leushko\" \/>\n<meta property=\"article:modified_time\" content=\"2023-02-11T18:58:21+00:00\" \/>\n<meta name=\"twitter:card\" content=\"summary_large_image\" \/>\n<meta name=\"twitter:label1\" content=\"Tempo di lettura stimato\" \/>\n\t<meta name=\"twitter:data1\" content=\"2 minuti\" \/>\n<script type=\"application\/ld+json\" class=\"yoast-schema-graph\">{\"@context\":\"https:\/\/schema.org\",\"@graph\":[{\"@type\":\"WebPage\",\"@id\":\"https:\/\/www.leushko.com\/it\/aiutare\/\",\"url\":\"https:\/\/www.leushko.com\/it\/aiutare\/\",\"name\":\"Aiutare - Leushko\",\"isPartOf\":{\"@id\":\"https:\/\/www.leushko.com\/#website\"},\"datePublished\":\"2022-08-15T14:31:22+00:00\",\"dateModified\":\"2023-02-11T18:58:21+00:00\",\"description\":\"H\u013ead\u00e1me pomoc pre rie\u0161enie\u00a0hendikepu po celom svete. Preto sme vytvorili transparentn\u00fd \u00fa\u010det, kde m\u00f4\u017eete prispie\u0165 a pom\u00f4c\u0165 aj vy.\",\"breadcrumb\":{\"@id\":\"https:\/\/www.leushko.com\/it\/aiutare\/#breadcrumb\"},\"inLanguage\":\"it-IT\",\"potentialAction\":[{\"@type\":\"ReadAction\",\"target\":[\"https:\/\/www.leushko.com\/it\/aiutare\/\"]}]},{\"@type\":\"BreadcrumbList\",\"@id\":\"https:\/\/www.leushko.com\/it\/aiutare\/#breadcrumb\",\"itemListElement\":[{\"@type\":\"ListItem\",\"position\":1,\"name\":\"Domovsk\u00e1 str\u00e1nka\",\"item\":\"https:\/\/www.leushko.com\/it\/\"},{\"@type\":\"ListItem\",\"position\":2,\"name\":\"Aiutare\"}]},{\"@type\":\"WebSite\",\"@id\":\"https:\/\/www.leushko.com\/#website\",\"url\":\"https:\/\/www.leushko.com\/\",\"name\":\"Leushko\",\"description\":\"Just another WordPress site\",\"potentialAction\":[{\"@type\":\"SearchAction\",\"target\":{\"@type\":\"EntryPoint\",\"urlTemplate\":\"https:\/\/www.leushko.com\/?s={search_term_string}\"},\"query-input\":\"required name=search_term_string\"}],\"inLanguage\":\"it-IT\"}]}<\/script>\n<!-- \/ Yoast SEO plugin. -->","yoast_head_json":{"title":"Aiutare - Leushko","description":"H\u013ead\u00e1me pomoc pre rie\u0161enie\u00a0hendikepu po celom svete. Preto sme vytvorili transparentn\u00fd \u00fa\u010det, kde m\u00f4\u017eete prispie\u0165 a pom\u00f4c\u0165 aj vy.","robots":{"index":"index","follow":"follow","max-snippet":"max-snippet:-1","max-image-preview":"max-image-preview:large","max-video-preview":"max-video-preview:-1"},"canonical":"https:\/\/www.leushko.com\/it\/aiutare\/","og_locale":"it_IT","og_type":"article","og_title":"Aiutare - Leushko","og_description":"H\u013ead\u00e1me pomoc pre rie\u0161enie\u00a0hendikepu po celom svete. Preto sme vytvorili transparentn\u00fd \u00fa\u010det, kde m\u00f4\u017eete prispie\u0165 a pom\u00f4c\u0165 aj vy.","og_url":"https:\/\/www.leushko.com\/it\/aiutare\/","og_site_name":"Leushko","article_modified_time":"2023-02-11T18:58:21+00:00","twitter_card":"summary_large_image","twitter_misc":{"Tempo di lettura stimato":"2 minuti"},"schema":{"@context":"https:\/\/schema.org","@graph":[{"@type":"WebPage","@id":"https:\/\/www.leushko.com\/it\/aiutare\/","url":"https:\/\/www.leushko.com\/it\/aiutare\/","name":"Aiutare - Leushko","isPartOf":{"@id":"https:\/\/www.leushko.com\/#website"},"datePublished":"2022-08-15T14:31:22+00:00","dateModified":"2023-02-11T18:58:21+00:00","description":"H\u013ead\u00e1me pomoc pre rie\u0161enie\u00a0hendikepu po celom svete. Preto sme vytvorili transparentn\u00fd \u00fa\u010det, kde m\u00f4\u017eete prispie\u0165 a pom\u00f4c\u0165 aj vy.","breadcrumb":{"@id":"https:\/\/www.leushko.com\/it\/aiutare\/#breadcrumb"},"inLanguage":"it-IT","potentialAction":[{"@type":"ReadAction","target":["https:\/\/www.leushko.com\/it\/aiutare\/"]}]},{"@type":"BreadcrumbList","@id":"https:\/\/www.leushko.com\/it\/aiutare\/#breadcrumb","itemListElement":[{"@type":"ListItem","position":1,"name":"Domovsk\u00e1 str\u00e1nka","item":"https:\/\/www.leushko.com\/it\/"},{"@type":"ListItem","position":2,"name":"Aiutare"}]},{"@type":"WebSite","@id":"https:\/\/www.leushko.com\/#website","url":"https:\/\/www.leushko.com\/","name":"Leushko","description":"Just another WordPress site","potentialAction":[{"@type":"SearchAction","target":{"@type":"EntryPoint","urlTemplate":"https:\/\/www.leushko.com\/?s={search_term_string}"},"query-input":"required name=search_term_string"}],"inLanguage":"it-IT"}]}},"_links":{"self":[{"href":"https:\/\/www.leushko.com\/it\/wp-json\/wp\/v2\/pages\/8735"}],"collection":[{"href":"https:\/\/www.leushko.com\/it\/wp-json\/wp\/v2\/pages"}],"about":[{"href":"https:\/\/www.leushko.com\/it\/wp-json\/wp\/v2\/types\/page"}],"author":[{"embeddable":true,"href":"https:\/\/www.leushko.com\/it\/wp-json\/wp\/v2\/users\/1"}],"replies":[{"embeddable":true,"href":"https:\/\/www.leushko.com\/it\/wp-json\/wp\/v2\/comments?post=8735"}],"version-history":[{"count":5,"href":"https:\/\/www.leushko.com\/it\/wp-json\/wp\/v2\/pages\/8735\/revisions"}],"predecessor-version":[{"id":8999,"href":"https:\/\/www.leushko.com\/it\/wp-json\/wp\/v2\/pages\/8735\/revisions\/8999"}],"wp:attachment":[{"href":"https:\/\/www.leushko.com\/it\/wp-json\/wp\/v2\/media?parent=8735"}],"curies":[{"name":"wp","href":"https:\/\/api.w.org\/{rel}","templated":true}]}}