{"id":8727,"date":"2022-08-16T09:26:50","date_gmt":"2022-08-16T09:26:50","guid":{"rendered":"https:\/\/www.leushko.com\/ocami-otca\/"},"modified":"2023-02-02T18:22:39","modified_gmt":"2023-02-02T18:22:39","slug":"attraverso-gli-occhi-del-papa","status":"publish","type":"page","link":"https:\/\/www.leushko.com\/it\/attraverso-gli-occhi-del-papa\/","title":{"rendered":"Attraverso gli occhi del pap\u00e0"},"content":{"rendered":"<section class=\"wpb-content-wrapper\"><p>[vc_row el_id=&#8221;my_world&#8221; mobile_bg_img_hidden=&#8221;no&#8221; tablet_bg_img_hidden=&#8221;no&#8221; woodmart_parallax=&#8221;0&#8243; woodmart_gradient_switch=&#8221;no&#8221; row_reverse_mobile=&#8221;0&#8243; row_reverse_tablet=&#8221;0&#8243; woodmart_disable_overflow=&#8221;0&#8243; css=&#8221;.vc_custom_1660645458697{padding-top: 120px !important;padding-bottom: 80px !important;}&#8221; el_class=&#8221;ocami-rodica&#8221;][vc_column width=&#8221;1\/2&#8243;]\t\t\t<div id=\"wd-63dbff2198b07\" class=\"wd-text-block-wrapper wd-wpb wd-rs-63dbff2198b07 color-scheme-custom text-left vc_custom_1675362083519 gluten-font\">\n\t\t\t\t<div class=\"woodmart-title-container woodmart-text-block reset-last-child font-primary wd-font-weight-400 \">\n\t\t\t\t\tAttraverso gli occhi del pap\u00e0\t\t\t\t<\/div>\n\n\t\t\t\t\t\t\t<\/div>\n\t\t\t\t\t<div id=\"wd-63dbff26123c4\" class=\"wd-text-block-wrapper wd-wpb wd-rs-63dbff26123c4 color-scheme-custom text-left vc_custom_1675362089998\">\n\t\t\t\t<div class=\"woodmart-title-container woodmart-text-block reset-last-child font-primary wd-font-weight-400 \">\n\t\t\t\t\tCiao a tutti, ciao amici, mi chiamo Kristi\u00e1n e sono il padre di un bambino meraviglioso di nome Leo. Insieme a Evka, abbiamo attraversato la vita con esperienze condivise e momenti belli, dove ho capito che \u00e8 una donna meravigliosa e che voglio vivere con lei un futuro sconosciuto pieno di felicit\u00e0 e bei momenti.\t\t\t\t<\/div>\n\n\t\t\t\t\t\t\t<\/div>\n\t\t<div id=\"wd-63dbff2c9710d\" class=\" wd-rs-63dbff2c9710d  wd-button-wrapper text-center inline-element\"><a href=\"https:\/\/www.leushko.com\/it\/aiutare\/\" title=\"Aiutare\" class=\"btn btn-scheme-light btn-scheme-hover-light btn-style-bordered btn-style-round btn-size-extra-large blue-btn\">Fornire assistenza<\/a><\/div>\t\t\t<div id=\"wd-63dbff37690fa\" class=\"wd-text-block-wrapper wd-wpb wd-rs-63dbff37690fa color-scheme-custom text-left vc_custom_1675362107538\">\n\t\t\t\t<div class=\"woodmart-title-container woodmart-text-block reset-last-child font-primary wd-font-weight-400 \">\n\t\t\t\t\tHo preso la situazione in un modo del tutto classico, quindi le ho chiesto prima di sposarmi, dove ho aspettato con ansia la sua risposta. Lei ha detto di s\u00ec \ud83d\ude0a e ci siamo fidanzati, abbiamo vissuto insieme in un appartamento anche con un animale domestico, un criceto. Quasi un anno intero passato e lei mi disse di s\u00ec e cos\u00ed abbiamo suggellato il nostro matrimonio. \u00c8 stato uno dei giorni pi\u00f9 belli della mia vita, spero anche di mia moglie.\t\t\t\t<\/div>\n\n\t\t\t\t\t\t\t<\/div>\n\t\t[\/vc_column][vc_column width=&#8221;1\/2&#8243;][vc_single_image image=&#8221;8459&#8243; img_size=&#8221;full&#8221; alignment=&#8221;right&#8221; woodmart_inline=&#8221;no&#8221; parallax_scroll=&#8221;no&#8221;][\/vc_column][\/vc_row][vc_row mobile_bg_img_hidden=&#8221;no&#8221; tablet_bg_img_hidden=&#8221;no&#8221; woodmart_parallax=&#8221;0&#8243; woodmart_gradient_switch=&#8221;no&#8221; row_reverse_mobile=&#8221;1&#8243; row_reverse_tablet=&#8221;0&#8243; woodmart_disable_overflow=&#8221;0&#8243; css=&#8221;.vc_custom_1660645474095{padding-bottom: 110px !important;}&#8221; el_class=&#8221;ocami-rodicov&#8221;][vc_column width=&#8221;1\/2&#8243;][vc_single_image image=&#8221;8463&#8243; img_size=&#8221;full&#8221; alignment=&#8221;right&#8221; woodmart_inline=&#8221;no&#8221; parallax_scroll=&#8221;no&#8221;][\/vc_column][vc_column width=&#8221;1\/2&#8243;]\t\t\t<div id=\"wd-63dbff3ea9c0e\" class=\"wd-text-block-wrapper wd-wpb wd-rs-63dbff3ea9c0e color-scheme-custom text-left vc_custom_1675362133164\">\n\t\t\t\t<div class=\"woodmart-title-container woodmart-text-block reset-last-child font-primary wd-font-weight-400 \">\n\t\t\t\t\tIl matrimonio \u00e8 andato alla grande con la famiglia e gli amici, ma sapevamo ancora di avere amore da dare. Ecco perch\u00e9 abbiamo deciso di diventare una famiglia completa e tra un altro anno aspettavamo nostro figlio Leo. La moglie ha gestito l&#8217;intero corso della gravidanza in modo eccellente e dopo ogni esame il medico di Trnava ha dichiarato che il figlio entrava nei tutti i parametri di un bambino sano e che si stava sviluppando secondo i grafici. Quindi abbiamo aspettato il piccolo, ma lui se l\u2019ha presa alla leggera e si \u00e9 fatto sentire esattamente una settimana dopo la data di quando doveva venire al mondo.<\/p>\n<p>&nbsp;<\/p>\n<p>Il giorno, o\u00a0meglio, la notte del parto \u00e8 arrivata, l&#8217;ospedale per l\u00b4evento era gi\u00e1 scelto, ed io ero pronto a partire a qualsiasi ora. Hanno preso la mia moglie ed io ho aspettato, era una notte in cui il cielo si \u00e8 fatto molto buio, ha soffiato e ha anche piovuto. Lungo la strada, volevo essere in ospedale il prima possibile, visto che le contrazioni di mia moglie erano piuttosto forti. A proposito, care donne, care madri, tanto di cappello a voi, meritate il rispetto di tutta l&#8217;umanit\u00e0.\t\t\t\t<\/div>\n\n\t\t\t\t\t\t\t<\/div>\n\t\t[\/vc_column][\/vc_row][vc_row mobile_bg_img_hidden=&#8221;no&#8221; tablet_bg_img_hidden=&#8221;no&#8221; woodmart_parallax=&#8221;0&#8243; woodmart_gradient_switch=&#8221;no&#8221; row_reverse_mobile=&#8221;0&#8243; row_reverse_tablet=&#8221;0&#8243; woodmart_disable_overflow=&#8221;0&#8243; css=&#8221;.vc_custom_1660645486620{padding-bottom: 80px !important;}&#8221; el_class=&#8221;ocami-rodicov&#8221;][vc_column width=&#8221;1\/2&#8243;]\t\t\t<div id=\"wd-63dbff58ab2a9\" class=\"wd-text-block-wrapper wd-wpb wd-rs-63dbff58ab2a9 color-scheme-custom text-left vc_custom_1675362154323\">\n\t\t\t\t<div class=\"woodmart-title-container woodmart-text-block reset-last-child font-primary wd-font-weight-400 \">\n\t\t\t\t\tSiamo arrivati \u200b\u200bnel luogo in cui hanno portato la mia moglie in osservazione e ovviamente non era ancora in travaglio. Cos\u00ec mi hanno detto di tornare a casa a Trnava, dove ho dormito un po&#8217;, ma tutta la notte non vedevo l&#8217;ora che arrivasse il nostro piccolo e che mia moglie sarebbe stata tranquilla e il parto sarebbe andato liscio.<\/p>\n<p>Ho ricevuto un messaggio al mattino che non devo ancora andare, che ho tempo, posso tranquillamente fare colazione, ma che andr\u00e0\u00a0 a partorire. Immediatamente dopo ho ricevuto un\u2019altro messaggio dicendo che lei stava per partorire e che dovevo arrivare prima possibile. Ovviamente non ho esitato e sono corso in ospedale, perch\u00e9 non vedevo l&#8217;ora di vederli entrambi. Il parto \u00e8 andato liscio, la moglie l&#8217;ha gestito con molto coraggio e sono orgoglioso di te Evka.<\/p>\n<p>Hanno preso il bambino, ma avevo ancora la mano di mia moglie tra le mani e l&#8217;ho consolata che il bambino era nato, ma il suo pianto non si \u00e8 sentito subito nell&#8217;aria. Dato che ero stressato e in attesa, ho aspettato la chiamata dei medici che potevo andare a prendere il mio figlio, ma poi abbiamo saputo che dovevano rianimarlo. Quando l&#8217;ho visto, ho capito subito che lo avrei amato per il resto della mia vita, ma allo stesso tempo ho temuto per la sua vita e ho provato la pi\u00f9 grande paura della mia vita che gli fosse successo qualcosa di pi\u00f9 grave. Ho iniziato a sudare freddo e ho dovuto fare un respiro profondo. Aveva la gamba destra deformata&#8230;ed io avevo ovviamente mille domande in testa, domane a cui nessun padre potr\u00e0 mai prepararsi adeguatamente.<\/p>\n<p>Me l\u2018ha deragliato, ma le prime domande non riguardavano la gambina, volevo sapere se gli altri organi e il resto di quel corpicinoo bello e fragile sarebbero stati bene. Mi hanno aiutato a portarlo da sua madre ed \u00e8 stato amore a prima vista.<\/p>\n<p>Abbiamo pianto di gioia insieme e ci siamo ripromessi che ci saremmo presi cura di lui per il resto della nostra vita, anche se fosse al di l\u00e0 delle nostre forze, e che lo avremmo amato tutto, completamente tutto.\t\t\t\t<\/div>\n\n\t\t\t\t\t\t\t<\/div>\n\t\t[\/vc_column][vc_column width=&#8221;1\/2&#8243;][vc_single_image image=&#8221;8466&#8243; img_size=&#8221;full&#8221; alignment=&#8221;right&#8221; woodmart_inline=&#8221;no&#8221; parallax_scroll=&#8221;no&#8221;][\/vc_column][\/vc_row]<\/p>\n<\/section>","protected":false},"excerpt":{"rendered":"<p>[vc_row el_id=&#8221;my_world&#8221; mobile_bg_img_hidden=&#8221;no&#8221; tablet_bg_img_hidden=&#8221;no&#8221; woodmart_parallax=&#8221;0&#8243; woodmart_gradient_switch=&#8221;no&#8221; row_reverse_mobile=&#8221;0&#8243; row_reverse_tablet=&#8221;0&#8243; woodmart_disable_overflow=&#8221;0&#8243; css=&#8221;.vc_custom_1660645458697{padding-top: 120px !important;padding-bottom: 80px !important;}&#8221; el_class=&#8221;ocami-rodica&#8221;][vc_column width=&#8221;1\/2&#8243;][\/vc_column][vc_column width=&#8221;1\/2&#8243;][vc_single_image image=&#8221;8459&#8243; img_size=&#8221;full&#8221; alignment=&#8221;right&#8221;<\/p>\n","protected":false},"author":1,"featured_media":0,"parent":0,"menu_order":0,"comment_status":"closed","ping_status":"closed","template":"","meta":[],"yoast_head":"<!-- This site is optimized with the Yoast SEO plugin v19.13 - https:\/\/yoast.com\/wordpress\/plugins\/seo\/ -->\n<title>Attraverso gli occhi del pap\u00e0 - Leushko<\/title>\n<meta name=\"robots\" content=\"index, follow, max-snippet:-1, max-image-preview:large, max-video-preview:-1\" \/>\n<link rel=\"canonical\" href=\"https:\/\/www.leushko.com\/it\/attraverso-gli-occhi-del-papa\/\" \/>\n<meta property=\"og:locale\" content=\"it_IT\" \/>\n<meta property=\"og:type\" content=\"article\" \/>\n<meta property=\"og:title\" content=\"Attraverso gli occhi del pap\u00e0 - Leushko\" \/>\n<meta property=\"og:description\" content=\"[vc_row el_id=&#8221;my_world&#8221; mobile_bg_img_hidden=&#8221;no&#8221; tablet_bg_img_hidden=&#8221;no&#8221; woodmart_parallax=&#8221;0&#8243; woodmart_gradient_switch=&#8221;no&#8221; row_reverse_mobile=&#8221;0&#8243; row_reverse_tablet=&#8221;0&#8243; woodmart_disable_overflow=&#8221;0&#8243; css=&#8221;.vc_custom_1660645458697{padding-top: 120px !important;padding-bottom: 80px !important;}&#8221; el_class=&#8221;ocami-rodica&#8221;][vc_column width=&#8221;1\/2&#8243;][\/vc_column][vc_column width=&#8221;1\/2&#8243;][vc_single_image image=&#8221;8459&#8243; img_size=&#8221;full&#8221; alignment=&#8221;right&#8221;\" \/>\n<meta property=\"og:url\" content=\"https:\/\/www.leushko.com\/it\/attraverso-gli-occhi-del-papa\/\" \/>\n<meta property=\"og:site_name\" content=\"Leushko\" \/>\n<meta property=\"article:modified_time\" content=\"2023-02-02T18:22:39+00:00\" \/>\n<meta name=\"twitter:card\" content=\"summary_large_image\" \/>\n<meta name=\"twitter:label1\" content=\"Tempo di lettura stimato\" \/>\n\t<meta name=\"twitter:data1\" content=\"5 minuti\" \/>\n<script type=\"application\/ld+json\" class=\"yoast-schema-graph\">{\"@context\":\"https:\/\/schema.org\",\"@graph\":[{\"@type\":\"WebPage\",\"@id\":\"https:\/\/www.leushko.com\/it\/attraverso-gli-occhi-del-papa\/\",\"url\":\"https:\/\/www.leushko.com\/it\/attraverso-gli-occhi-del-papa\/\",\"name\":\"Attraverso gli occhi del pap\u00e0 - Leushko\",\"isPartOf\":{\"@id\":\"https:\/\/www.leushko.com\/#website\"},\"datePublished\":\"2022-08-16T09:26:50+00:00\",\"dateModified\":\"2023-02-02T18:22:39+00:00\",\"breadcrumb\":{\"@id\":\"https:\/\/www.leushko.com\/it\/attraverso-gli-occhi-del-papa\/#breadcrumb\"},\"inLanguage\":\"it-IT\",\"potentialAction\":[{\"@type\":\"ReadAction\",\"target\":[\"https:\/\/www.leushko.com\/it\/attraverso-gli-occhi-del-papa\/\"]}]},{\"@type\":\"BreadcrumbList\",\"@id\":\"https:\/\/www.leushko.com\/it\/attraverso-gli-occhi-del-papa\/#breadcrumb\",\"itemListElement\":[{\"@type\":\"ListItem\",\"position\":1,\"name\":\"Domovsk\u00e1 str\u00e1nka\",\"item\":\"https:\/\/www.leushko.com\/it\/\"},{\"@type\":\"ListItem\",\"position\":2,\"name\":\"Attraverso gli occhi del pap\u00e0\"}]},{\"@type\":\"WebSite\",\"@id\":\"https:\/\/www.leushko.com\/#website\",\"url\":\"https:\/\/www.leushko.com\/\",\"name\":\"Leushko\",\"description\":\"Just another WordPress site\",\"potentialAction\":[{\"@type\":\"SearchAction\",\"target\":{\"@type\":\"EntryPoint\",\"urlTemplate\":\"https:\/\/www.leushko.com\/?s={search_term_string}\"},\"query-input\":\"required name=search_term_string\"}],\"inLanguage\":\"it-IT\"}]}<\/script>\n<!-- \/ Yoast SEO plugin. -->","yoast_head_json":{"title":"Attraverso gli occhi del pap\u00e0 - Leushko","robots":{"index":"index","follow":"follow","max-snippet":"max-snippet:-1","max-image-preview":"max-image-preview:large","max-video-preview":"max-video-preview:-1"},"canonical":"https:\/\/www.leushko.com\/it\/attraverso-gli-occhi-del-papa\/","og_locale":"it_IT","og_type":"article","og_title":"Attraverso gli occhi del pap\u00e0 - Leushko","og_description":"[vc_row el_id=&#8221;my_world&#8221; mobile_bg_img_hidden=&#8221;no&#8221; tablet_bg_img_hidden=&#8221;no&#8221; woodmart_parallax=&#8221;0&#8243; woodmart_gradient_switch=&#8221;no&#8221; row_reverse_mobile=&#8221;0&#8243; row_reverse_tablet=&#8221;0&#8243; woodmart_disable_overflow=&#8221;0&#8243; css=&#8221;.vc_custom_1660645458697{padding-top: 120px !important;padding-bottom: 80px !important;}&#8221; el_class=&#8221;ocami-rodica&#8221;][vc_column width=&#8221;1\/2&#8243;][\/vc_column][vc_column width=&#8221;1\/2&#8243;][vc_single_image image=&#8221;8459&#8243; img_size=&#8221;full&#8221; alignment=&#8221;right&#8221;","og_url":"https:\/\/www.leushko.com\/it\/attraverso-gli-occhi-del-papa\/","og_site_name":"Leushko","article_modified_time":"2023-02-02T18:22:39+00:00","twitter_card":"summary_large_image","twitter_misc":{"Tempo di lettura stimato":"5 minuti"},"schema":{"@context":"https:\/\/schema.org","@graph":[{"@type":"WebPage","@id":"https:\/\/www.leushko.com\/it\/attraverso-gli-occhi-del-papa\/","url":"https:\/\/www.leushko.com\/it\/attraverso-gli-occhi-del-papa\/","name":"Attraverso gli occhi del pap\u00e0 - Leushko","isPartOf":{"@id":"https:\/\/www.leushko.com\/#website"},"datePublished":"2022-08-16T09:26:50+00:00","dateModified":"2023-02-02T18:22:39+00:00","breadcrumb":{"@id":"https:\/\/www.leushko.com\/it\/attraverso-gli-occhi-del-papa\/#breadcrumb"},"inLanguage":"it-IT","potentialAction":[{"@type":"ReadAction","target":["https:\/\/www.leushko.com\/it\/attraverso-gli-occhi-del-papa\/"]}]},{"@type":"BreadcrumbList","@id":"https:\/\/www.leushko.com\/it\/attraverso-gli-occhi-del-papa\/#breadcrumb","itemListElement":[{"@type":"ListItem","position":1,"name":"Domovsk\u00e1 str\u00e1nka","item":"https:\/\/www.leushko.com\/it\/"},{"@type":"ListItem","position":2,"name":"Attraverso gli occhi del pap\u00e0"}]},{"@type":"WebSite","@id":"https:\/\/www.leushko.com\/#website","url":"https:\/\/www.leushko.com\/","name":"Leushko","description":"Just another WordPress site","potentialAction":[{"@type":"SearchAction","target":{"@type":"EntryPoint","urlTemplate":"https:\/\/www.leushko.com\/?s={search_term_string}"},"query-input":"required name=search_term_string"}],"inLanguage":"it-IT"}]}},"_links":{"self":[{"href":"https:\/\/www.leushko.com\/it\/wp-json\/wp\/v2\/pages\/8727"}],"collection":[{"href":"https:\/\/www.leushko.com\/it\/wp-json\/wp\/v2\/pages"}],"about":[{"href":"https:\/\/www.leushko.com\/it\/wp-json\/wp\/v2\/types\/page"}],"author":[{"embeddable":true,"href":"https:\/\/www.leushko.com\/it\/wp-json\/wp\/v2\/users\/1"}],"replies":[{"embeddable":true,"href":"https:\/\/www.leushko.com\/it\/wp-json\/wp\/v2\/comments?post=8727"}],"version-history":[{"count":3,"href":"https:\/\/www.leushko.com\/it\/wp-json\/wp\/v2\/pages\/8727\/revisions"}],"predecessor-version":[{"id":8940,"href":"https:\/\/www.leushko.com\/it\/wp-json\/wp\/v2\/pages\/8727\/revisions\/8940"}],"wp:attachment":[{"href":"https:\/\/www.leushko.com\/it\/wp-json\/wp\/v2\/media?parent=8727"}],"curies":[{"name":"wp","href":"https:\/\/api.w.org\/{rel}","templated":true}]}}