{"id":8717,"date":"2022-08-16T09:26:18","date_gmt":"2022-08-16T09:26:18","guid":{"rendered":"https:\/\/www.leushko.com\/ocami-matky\/"},"modified":"2023-01-28T20:37:58","modified_gmt":"2023-01-28T20:37:58","slug":"durch-die-augen-der-mutter","status":"publish","type":"page","link":"https:\/\/www.leushko.com\/de\/durch-die-augen-der-mutter\/","title":{"rendered":"Durch die Augen der Mutter"},"content":{"rendered":"<section class=\"wpb-content-wrapper\"><p>[vc_row el_id=&#8220;my_world&#8220; mobile_bg_img_hidden=&#8220;no&#8220; tablet_bg_img_hidden=&#8220;no&#8220; woodmart_parallax=&#8220;0&#8243; woodmart_gradient_switch=&#8220;no&#8220; row_reverse_mobile=&#8220;0&#8243; row_reverse_tablet=&#8220;0&#8243; woodmart_disable_overflow=&#8220;0&#8243; css=&#8220;.vc_custom_1671615918917{padding-top: 120px !important;padding-bottom: 80px !important;}&#8220; el_class=&#8220;ocami-rodica&#8220;][vc_column width=&#8220;1\/2&#8243;]\t\t\t<div id=\"wd-63d58772d40c1\" class=\"wd-text-block-wrapper wd-wpb wd-rs-63d58772d40c1 color-scheme-custom text-left vc_custom_1674938228646 gluten-font\">\n\t\t\t\t<div class=\"woodmart-title-container woodmart-text-block reset-last-child font-primary wd-font-weight-400 \">\n\t\t\t\t\tDurch die Augen der Mutter\t\t\t\t<\/div>\n\n\t\t\t\t\t\t\t<\/div>\n\t\t\t\t\t<div id=\"wd-63d587768e685\" class=\"wd-text-block-wrapper wd-wpb wd-rs-63d587768e685 color-scheme-custom text-left vc_custom_1674938236539\">\n\t\t\t\t<div class=\"woodmart-title-container woodmart-text-block reset-last-child font-primary wd-font-weight-400 \">\n\t\t\t\t\tWie jede Frau wollte auch ich Mutter werden. Mein Mann und ich tr\u00e4umten von einem Kind und nach einem Schwangerschaftstest ging dieser Wunsch in Erf\u00fcllung. Wir haben uns sehr auf die Ankunft unseres Babys gefreut.\t\t\t\t<\/div>\n\n\t\t\t\t\t\t\t<\/div>\n\t\t<div id=\"wd-63d5877e82c0b\" class=\" wd-rs-63d5877e82c0b  wd-button-wrapper text-center inline-element\"><a href=\"https:\/\/www.leushko.com\/de\/support\/\" title=\"Support\" class=\"btn btn-scheme-light btn-scheme-hover-light btn-style-bordered btn-style-round btn-size-extra-large blue-btn\">Biete Hilfe an<\/a><\/div>\t\t\t<div id=\"wd-63d5878a03115\" class=\"wd-text-block-wrapper wd-wpb wd-rs-63d5878a03115 color-scheme-custom text-left vc_custom_1674938254981\">\n\t\t\t\t<div class=\"woodmart-title-container woodmart-text-block reset-last-child font-primary wd-font-weight-400 \">\n\t\t\t\t\tAls erstes habe ich meine Schwangerschaft beim Gyn\u00e4kologen in Trnava best\u00e4tigen lassen. Alle vorgeschriebenen Untersuchungen, Vorsorgeuntersuchungen, Bluttests und Ultraschalluntersuchungen habe ich verantwortungsvoll absolviert. Ich habe eine zus\u00e4tzliche Ultraschalluntersuchung bezahlt, die nicht von der Krankenkasse \u00fcbernommen wurde, da ich sichergehen wollte, dass es dem Kind gut geht, wie mir die ganze Zeit gesagt wurde. Ich erhielt die Antwort, dass er ein sch\u00f6ner, gesunder Junge ist. Au\u00dferdem hatte ich alle meine Bluttests und Diabetes-Testergebnisse gro\u00dfartig.\t\t\t\t<\/div>\n\n\t\t\t\t\t\t\t<\/div>\n\t\t[\/vc_column][vc_column width=&#8220;1\/2&#8243;][vc_single_image image=&#8220;8480&#8243; img_size=&#8220;full&#8220; alignment=&#8220;right&#8220; woodmart_inline=&#8220;no&#8220; parallax_scroll=&#8220;no&#8220;][\/vc_column][\/vc_row][vc_row mobile_bg_img_hidden=&#8220;no&#8220; tablet_bg_img_hidden=&#8220;no&#8220; woodmart_parallax=&#8220;0&#8243; woodmart_gradient_switch=&#8220;no&#8220; row_reverse_mobile=&#8220;1&#8243; row_reverse_tablet=&#8220;0&#8243; woodmart_disable_overflow=&#8220;0&#8243; css=&#8220;.vc_custom_1671615938389{padding-bottom: 40px !important;}&#8220; el_class=&#8220;ocami-rodicov&#8220;][vc_column width=&#8220;1\/2&#8243;][vc_single_image image=&#8220;8481&#8243; img_size=&#8220;full&#8220; alignment=&#8220;right&#8220; woodmart_inline=&#8220;no&#8220; parallax_scroll=&#8220;no&#8220;][\/vc_column][vc_column width=&#8220;1\/2&#8243;]\t\t\t<div id=\"wd-63d587918fcef\" class=\"wd-text-block-wrapper wd-wpb wd-rs-63d587918fcef color-scheme-custom text-left vc_custom_1674938263316\">\n\t\t\t\t<div class=\"woodmart-title-container woodmart-text-block reset-last-child font-primary wd-font-weight-400 \">\n\t\t\t\t\tSo genoss ich meine Schwangerschaft, da ich keine Schwierigkeiten hatte und mich auf die Ankunft meines Kindes freute. Der Tag kam und das Baby wollte auf diese Welt kommen. Mein Mann brachte mich in das Universit\u00e4tskrankenhaus Ru\u017einov in Bratislava, wo ich zur Beobachtung festgehalten wurde, da meine Wehen langsam einsetzten. Der wichtigste &#8222;H\u00f6hepunkt&#8220; kam am Morgen, als mir der Arzt\u00a0 mitteilte, dass mein Kind jeden Moment geboren werden w\u00fcrde und mein Mann zu uns kommen k\u00f6nnte. Als das Baby kam, fragte ich mit Angst in meinen Augen und in meiner Stimme den Arzt, was los sei, da ich das Baby nicht schreien h\u00f6rte. Der Arzt versicherte mir, dass alles in Ordnung w\u00e4re und ich mein Baby bald sehen w\u00fcrde.\t\t\t\t<\/div>\n\n\t\t\t\t\t\t\t<\/div>\n\t\t[\/vc_column][\/vc_row][vc_row mobile_bg_img_hidden=&#8220;no&#8220; tablet_bg_img_hidden=&#8220;no&#8220; woodmart_parallax=&#8220;0&#8243; woodmart_gradient_switch=&#8220;no&#8220; row_reverse_mobile=&#8220;0&#8243; row_reverse_tablet=&#8220;0&#8243; woodmart_disable_overflow=&#8220;0&#8243; css=&#8220;.vc_custom_1671615951203{padding-bottom: 80px !important;}&#8220; el_class=&#8220;ocami-rodicov&#8220;][vc_column width=&#8220;1\/2&#8243; mobile_bg_img_hidden=&#8220;no&#8220; tablet_bg_img_hidden=&#8220;no&#8220; woodmart_parallax=&#8220;0&#8243; woodmart_sticky_column=&#8220;false&#8220; el_class=&#8220;ocami-matky-bigger-padding&#8220; parallax_scroll=&#8220;no&#8220; mobile_reset_margin=&#8220;no&#8220; tablet_reset_margin=&#8220;no&#8220;]\t\t\t<div id=\"wd-63d587a037202\" class=\"wd-text-block-wrapper wd-wpb wd-rs-63d587a037202 color-scheme-custom text-left vc_custom_1674938274549\">\n\t\t\t\t<div class=\"woodmart-title-container woodmart-text-block reset-last-child font-primary wd-font-weight-400 \">\n\t\t\t\t\tEr teilte mir jedoch mit, dass das rechte Bein meines Leu\u0161ko nicht aus dem Knie entwickelt ist. Gl\u00fccksgef\u00fchle wechselten sich mit Gef\u00fchlen der Angst um meinen kleinen Jungen ab. Nachdem wir aus dem Krankenhaus entlassen wurden, freuten mein Mann und ich uns darauf, nach Hause zu gehen, um die Rolle der Eltern zu \u00fcbernehmen und unseren Leu\u0161ko zu genie\u00dfen, obwohl wir noch viele Untersuchungen vor uns hatten. W\u00e4hrend Leo w\u00e4chst, sehe ich in ihm einen starken und gutaussehenden Jungen, der den Willen hat, zu k\u00e4mpfen und alle Pr\u00fcfungen mit einem L\u00e4cheln im Gesicht zu bestehen. Obwohl ich immer noch nicht wei\u00df, wann mein kleiner Junge laufen wird, glaube ich, dass es bald sein wird und wir seine ersten Schritte genie\u00dfen werden. Deshalb liebe ich ihn so sehr. \u2764\t\t\t\t<\/div>\n\n\t\t\t\t\t\t\t<\/div>\n\t\t[\/vc_column][vc_column width=&#8220;1\/2&#8243;][vc_single_image image=&#8220;8482&#8243; img_size=&#8220;full&#8220; alignment=&#8220;right&#8220; woodmart_inline=&#8220;no&#8220; parallax_scroll=&#8220;no&#8220;][\/vc_column][\/vc_row]<\/p>\n<\/section>","protected":false},"excerpt":{"rendered":"<p>[vc_row el_id=&#8220;my_world&#8220; mobile_bg_img_hidden=&#8220;no&#8220; tablet_bg_img_hidden=&#8220;no&#8220; woodmart_parallax=&#8220;0&#8243; woodmart_gradient_switch=&#8220;no&#8220; row_reverse_mobile=&#8220;0&#8243; row_reverse_tablet=&#8220;0&#8243; woodmart_disable_overflow=&#8220;0&#8243; css=&#8220;.vc_custom_1671615918917{padding-top: 120px !important;padding-bottom: 80px !important;}&#8220; el_class=&#8220;ocami-rodica&#8220;][vc_column width=&#8220;1\/2&#8243;][\/vc_column][vc_column width=&#8220;1\/2&#8243;][vc_single_image image=&#8220;8480&#8243; img_size=&#8220;full&#8220; alignment=&#8220;right&#8220;<\/p>\n","protected":false},"author":1,"featured_media":0,"parent":0,"menu_order":0,"comment_status":"closed","ping_status":"closed","template":"","meta":[],"yoast_head":"<!-- This site is optimized with the Yoast SEO plugin v19.13 - https:\/\/yoast.com\/wordpress\/plugins\/seo\/ -->\n<title>Durch die Augen der Mutter - Leushko<\/title>\n<meta name=\"robots\" content=\"index, follow, max-snippet:-1, max-image-preview:large, max-video-preview:-1\" \/>\n<link rel=\"canonical\" href=\"https:\/\/www.leushko.com\/de\/durch-die-augen-der-mutter\/\" \/>\n<meta property=\"og:locale\" content=\"de_DE\" \/>\n<meta property=\"og:type\" content=\"article\" \/>\n<meta property=\"og:title\" content=\"Durch die Augen der Mutter - Leushko\" \/>\n<meta property=\"og:description\" content=\"[vc_row el_id=&#8220;my_world&#8220; mobile_bg_img_hidden=&#8220;no&#8220; tablet_bg_img_hidden=&#8220;no&#8220; woodmart_parallax=&#8220;0&#8243; woodmart_gradient_switch=&#8220;no&#8220; row_reverse_mobile=&#8220;0&#8243; row_reverse_tablet=&#8220;0&#8243; woodmart_disable_overflow=&#8220;0&#8243; css=&#8220;.vc_custom_1671615918917{padding-top: 120px !important;padding-bottom: 80px !important;}&#8220; el_class=&#8220;ocami-rodica&#8220;][vc_column width=&#8220;1\/2&#8243;][\/vc_column][vc_column width=&#8220;1\/2&#8243;][vc_single_image image=&#8220;8480&#8243; img_size=&#8220;full&#8220; alignment=&#8220;right&#8220;\" \/>\n<meta property=\"og:url\" content=\"https:\/\/www.leushko.com\/de\/durch-die-augen-der-mutter\/\" \/>\n<meta property=\"og:site_name\" content=\"Leushko\" \/>\n<meta property=\"article:modified_time\" content=\"2023-01-28T20:37:58+00:00\" \/>\n<meta name=\"twitter:card\" content=\"summary_large_image\" \/>\n<meta name=\"twitter:label1\" content=\"Gesch\u00e4tzte Lesezeit\" \/>\n\t<meta name=\"twitter:data1\" content=\"3 Minuten\" \/>\n<script type=\"application\/ld+json\" class=\"yoast-schema-graph\">{\"@context\":\"https:\/\/schema.org\",\"@graph\":[{\"@type\":\"WebPage\",\"@id\":\"https:\/\/www.leushko.com\/de\/durch-die-augen-der-mutter\/\",\"url\":\"https:\/\/www.leushko.com\/de\/durch-die-augen-der-mutter\/\",\"name\":\"Durch die Augen der Mutter - Leushko\",\"isPartOf\":{\"@id\":\"https:\/\/www.leushko.com\/#website\"},\"datePublished\":\"2022-08-16T09:26:18+00:00\",\"dateModified\":\"2023-01-28T20:37:58+00:00\",\"breadcrumb\":{\"@id\":\"https:\/\/www.leushko.com\/de\/durch-die-augen-der-mutter\/#breadcrumb\"},\"inLanguage\":\"de-DE\",\"potentialAction\":[{\"@type\":\"ReadAction\",\"target\":[\"https:\/\/www.leushko.com\/de\/durch-die-augen-der-mutter\/\"]}]},{\"@type\":\"BreadcrumbList\",\"@id\":\"https:\/\/www.leushko.com\/de\/durch-die-augen-der-mutter\/#breadcrumb\",\"itemListElement\":[{\"@type\":\"ListItem\",\"position\":1,\"name\":\"Domovsk\u00e1 str\u00e1nka\",\"item\":\"https:\/\/www.leushko.com\/de\/\"},{\"@type\":\"ListItem\",\"position\":2,\"name\":\"Durch die Augen der Mutter\"}]},{\"@type\":\"WebSite\",\"@id\":\"https:\/\/www.leushko.com\/#website\",\"url\":\"https:\/\/www.leushko.com\/\",\"name\":\"Leushko\",\"description\":\"Just another WordPress site\",\"potentialAction\":[{\"@type\":\"SearchAction\",\"target\":{\"@type\":\"EntryPoint\",\"urlTemplate\":\"https:\/\/www.leushko.com\/?s={search_term_string}\"},\"query-input\":\"required name=search_term_string\"}],\"inLanguage\":\"de-DE\"}]}<\/script>\n<!-- \/ Yoast SEO plugin. -->","yoast_head_json":{"title":"Durch die Augen der Mutter - Leushko","robots":{"index":"index","follow":"follow","max-snippet":"max-snippet:-1","max-image-preview":"max-image-preview:large","max-video-preview":"max-video-preview:-1"},"canonical":"https:\/\/www.leushko.com\/de\/durch-die-augen-der-mutter\/","og_locale":"de_DE","og_type":"article","og_title":"Durch die Augen der Mutter - Leushko","og_description":"[vc_row el_id=&#8220;my_world&#8220; mobile_bg_img_hidden=&#8220;no&#8220; tablet_bg_img_hidden=&#8220;no&#8220; woodmart_parallax=&#8220;0&#8243; woodmart_gradient_switch=&#8220;no&#8220; row_reverse_mobile=&#8220;0&#8243; row_reverse_tablet=&#8220;0&#8243; woodmart_disable_overflow=&#8220;0&#8243; css=&#8220;.vc_custom_1671615918917{padding-top: 120px !important;padding-bottom: 80px !important;}&#8220; el_class=&#8220;ocami-rodica&#8220;][vc_column width=&#8220;1\/2&#8243;][\/vc_column][vc_column width=&#8220;1\/2&#8243;][vc_single_image image=&#8220;8480&#8243; img_size=&#8220;full&#8220; alignment=&#8220;right&#8220;","og_url":"https:\/\/www.leushko.com\/de\/durch-die-augen-der-mutter\/","og_site_name":"Leushko","article_modified_time":"2023-01-28T20:37:58+00:00","twitter_card":"summary_large_image","twitter_misc":{"Gesch\u00e4tzte Lesezeit":"3 Minuten"},"schema":{"@context":"https:\/\/schema.org","@graph":[{"@type":"WebPage","@id":"https:\/\/www.leushko.com\/de\/durch-die-augen-der-mutter\/","url":"https:\/\/www.leushko.com\/de\/durch-die-augen-der-mutter\/","name":"Durch die Augen der Mutter - Leushko","isPartOf":{"@id":"https:\/\/www.leushko.com\/#website"},"datePublished":"2022-08-16T09:26:18+00:00","dateModified":"2023-01-28T20:37:58+00:00","breadcrumb":{"@id":"https:\/\/www.leushko.com\/de\/durch-die-augen-der-mutter\/#breadcrumb"},"inLanguage":"de-DE","potentialAction":[{"@type":"ReadAction","target":["https:\/\/www.leushko.com\/de\/durch-die-augen-der-mutter\/"]}]},{"@type":"BreadcrumbList","@id":"https:\/\/www.leushko.com\/de\/durch-die-augen-der-mutter\/#breadcrumb","itemListElement":[{"@type":"ListItem","position":1,"name":"Domovsk\u00e1 str\u00e1nka","item":"https:\/\/www.leushko.com\/de\/"},{"@type":"ListItem","position":2,"name":"Durch die Augen der Mutter"}]},{"@type":"WebSite","@id":"https:\/\/www.leushko.com\/#website","url":"https:\/\/www.leushko.com\/","name":"Leushko","description":"Just another WordPress site","potentialAction":[{"@type":"SearchAction","target":{"@type":"EntryPoint","urlTemplate":"https:\/\/www.leushko.com\/?s={search_term_string}"},"query-input":"required name=search_term_string"}],"inLanguage":"de-DE"}]}},"_links":{"self":[{"href":"https:\/\/www.leushko.com\/de\/wp-json\/wp\/v2\/pages\/8717"}],"collection":[{"href":"https:\/\/www.leushko.com\/de\/wp-json\/wp\/v2\/pages"}],"about":[{"href":"https:\/\/www.leushko.com\/de\/wp-json\/wp\/v2\/types\/page"}],"author":[{"embeddable":true,"href":"https:\/\/www.leushko.com\/de\/wp-json\/wp\/v2\/users\/1"}],"replies":[{"embeddable":true,"href":"https:\/\/www.leushko.com\/de\/wp-json\/wp\/v2\/comments?post=8717"}],"version-history":[{"count":2,"href":"https:\/\/www.leushko.com\/de\/wp-json\/wp\/v2\/pages\/8717\/revisions"}],"predecessor-version":[{"id":8841,"href":"https:\/\/www.leushko.com\/de\/wp-json\/wp\/v2\/pages\/8717\/revisions\/8841"}],"wp:attachment":[{"href":"https:\/\/www.leushko.com\/de\/wp-json\/wp\/v2\/media?parent=8717"}],"curies":[{"name":"wp","href":"https:\/\/api.w.org\/{rel}","templated":true}]}}