{"id":8712,"date":"2022-12-21T09:47:11","date_gmt":"2022-12-21T09:47:11","guid":{"rendered":"https:\/\/www.leushko.com\/leov-pribeh\/"},"modified":"2023-01-28T20:36:20","modified_gmt":"2023-01-28T20:36:20","slug":"leos-geschichte","status":"publish","type":"page","link":"https:\/\/www.leushko.com\/de\/leos-geschichte\/","title":{"rendered":"Leos Geschichte"},"content":{"rendered":"<section class=\"wpb-content-wrapper\"><p>[vc_row el_id=&#8220;my_world&#8220; mobile_bg_img_hidden=&#8220;no&#8220; tablet_bg_img_hidden=&#8220;no&#8220; woodmart_parallax=&#8220;0&#8243; woodmart_gradient_switch=&#8220;no&#8220; row_reverse_mobile=&#8220;0&#8243; row_reverse_tablet=&#8220;0&#8243; woodmart_disable_overflow=&#8220;0&#8243; css=&#8220;.vc_custom_1660645211722{padding-top: 120px !important;padding-bottom: 80px !important;}&#8220; el_class=&#8220;ocami-rodica&#8220;][vc_column width=&#8220;1\/2&#8243;]\t\t\t<div id=\"wd-63d586c31810f\" class=\"wd-text-block-wrapper wd-wpb wd-rs-63d586c31810f color-scheme-custom text-left vc_custom_1674938056901 gluten-font\">\n\t\t\t\t<div class=\"woodmart-title-container woodmart-text-block reset-last-child font-primary wd-font-weight-400 \">\n\t\t\t\t\tMeine Geschichte\t\t\t\t<\/div>\n\n\t\t\t\t\t\t\t<\/div>\n\t\t\t\t\t<div id=\"wd-63d586cb213ae\" class=\"wd-text-block-wrapper wd-wpb wd-rs-63d586cb213ae color-scheme-custom text-left vc_custom_1674938064035\">\n\t\t\t\t<div class=\"woodmart-title-container woodmart-text-block reset-last-child font-primary wd-font-weight-400 \">\n\t\t\t\t\tMein Name ist Leo und ich wurde am 23. August 2021 in diese sch\u00f6ne und interessante Welt hineingeboren. Meine Eltern sagen, dass ich das erstaunlichste Kind der Welt bin, aber ich habe auf dem Spielplatz geh\u00f6rt, dass wir alle, Kinder, f\u00fcr unsere Familie und im Grunde f\u00fcr die ganze Welt erstaunlich sind. Meine Mutter macht sich jedoch Sorgen, da ich nicht ganz gesund auf diese Welt gekommen bin. Ich wei\u00df noch nicht, was \u201ev\u00f6llig gesund\u201c wirklich bedeutet. Meine Eltern k\u00f6nnten dir mehr dar\u00fcber erz\u00e4hlen, mit meiner nicht enden wollenden Schlaflosigkeit, vielleicht verursacht durch die Besuche vieler Leute, die mich anschauen und meiner Mama und meinem Papa raten, wie sie mit mir trainieren sollen. Die \u00c4rzte selbst kennen die wahre Ursache meines Gesundheitszustandes nicht genau. Erwachsene sprechen von einer angeborenen Entwicklungsst\u00f6rung. Liebe Kinder, aber wie ich eingangs sagte, jeder von uns ist etwas Besonderes, Au\u00dfergew\u00f6hnliches.\t\t\t\t<\/div>\n\n\t\t\t\t\t\t\t<\/div>\n\t\t<div id=\"wd-63d586d2b0977\" class=\" wd-rs-63d586d2b0977  wd-button-wrapper text-center inline-element\"><a href=\"https:\/\/www.leushko.com\/de\/support\/\" title=\"Support\" class=\"btn btn-scheme-light btn-scheme-hover-light btn-style-bordered btn-style-round btn-size-extra-large blue-btn\">Biete Hilfe an<\/a><\/div>\t\t\t<div id=\"wd-63d586e0537e0\" class=\"wd-text-block-wrapper wd-wpb wd-rs-63d586e0537e0 color-scheme-custom text-left vc_custom_1674938112907\">\n\t\t\t\t<div class=\"woodmart-title-container woodmart-text-block reset-last-child font-primary wd-font-weight-400 \">\n\t\t\t\t\tIch wei\u00df nur, dass mir ein gro\u00dfer Teil meines rechten Beins fehlt und mein Papa sagt mir, dass ich viel Sport machen muss, damit wir nichts vernachl\u00e4ssigen. Meine Mutter k\u00fcmmert sich gut um mich, aber sie wusste bis zum allerletzten Moment nicht, dass ich so geboren werden w\u00fcrde \u2013 etwas Besonderes. Die \u00c4rzte sagten ihr bei jeder Kontrolle, dass alles in Ordnung sei und meine Ma\u00dfe optimal seien. Nat\u00fcrlich sind sie! Jetzt \u00fcberlege ich mir mal wieder was Lustiges, um meine Eltern zu am\u00fcsieren.\t\t\t\t<\/div>\n\n\t\t\t\t\t\t\t<\/div>\n\t\t[\/vc_column][vc_column width=&#8220;1\/2&#8243;][vc_single_image image=&#8220;8480&#8243; img_size=&#8220;full&#8220; alignment=&#8220;right&#8220; woodmart_inline=&#8220;no&#8220; parallax_scroll=&#8220;no&#8220;][\/vc_column][\/vc_row][vc_row mobile_bg_img_hidden=&#8220;no&#8220; tablet_bg_img_hidden=&#8220;no&#8220; woodmart_parallax=&#8220;0&#8243; woodmart_gradient_switch=&#8220;no&#8220; row_reverse_mobile=&#8220;1&#8243; row_reverse_tablet=&#8220;0&#8243; woodmart_disable_overflow=&#8220;0&#8243; css=&#8220;.vc_custom_1660646154520{padding-bottom: 40px !important;}&#8220; el_class=&#8220;ocami-rodicov&#8220;][vc_column width=&#8220;1\/2&#8243;][vc_single_image image=&#8220;8481&#8243; img_size=&#8220;full&#8220; alignment=&#8220;right&#8220; woodmart_inline=&#8220;no&#8220; parallax_scroll=&#8220;no&#8220;][\/vc_column][vc_column width=&#8220;1\/2&#8243;]\t\t\t<div id=\"wd-63d58703b5c6a\" class=\"wd-text-block-wrapper wd-wpb wd-rs-63d58703b5c6a color-scheme-custom text-left vc_custom_1674938124134\">\n\t\t\t\t<div class=\"woodmart-title-container woodmart-text-block reset-last-child font-primary wd-font-weight-400 \">\n\t\t\t\t\tAm Tag meiner Geburt h\u00f6rten meine Eltern zum ersten Mal den Namen Phokomelie. Sp\u00e4ter wurde bei mir eine fibulare Hemimelie diagnostiziert, die im Ausland in tibiale Hemimelie umbenannt wurde. All dies muss durch ein weiteres MRT best\u00e4tigt werden, das von endlosen Besuchen bei verschiedenen Fremden, \u00c4rzten und Entzugskliniken begleitet wird. Sie fragen sich vielleicht, woher ich all diese W\u00f6rter kenne. Ich kannte sie \u00fcberhaupt nicht und meine Eltern auch nicht, es sei denn, sie fanden sie im Internet oder lie\u00dfen sie sich direkt von \u00c4rzten erkl\u00e4ren.\t\t\t\t<\/div>\n\n\t\t\t\t\t\t\t<\/div>\n\t\t[\/vc_column][\/vc_row][vc_row mobile_bg_img_hidden=&#8220;no&#8220; tablet_bg_img_hidden=&#8220;no&#8220; woodmart_parallax=&#8220;0&#8243; woodmart_gradient_switch=&#8220;no&#8220; row_reverse_mobile=&#8220;0&#8243; row_reverse_tablet=&#8220;0&#8243; woodmart_disable_overflow=&#8220;0&#8243; css=&#8220;.vc_custom_1660644019897{padding-bottom: 80px !important;}&#8220; el_class=&#8220;ocami-rodicov&#8220;][vc_column width=&#8220;1\/2&#8243; mobile_bg_img_hidden=&#8220;no&#8220; tablet_bg_img_hidden=&#8220;no&#8220; woodmart_parallax=&#8220;0&#8243; woodmart_sticky_column=&#8220;false&#8220; el_class=&#8220;ocami-matky-bigger-padding&#8220; parallax_scroll=&#8220;no&#8220; mobile_reset_margin=&#8220;no&#8220; tablet_reset_margin=&#8220;no&#8220;]\t\t\t<div id=\"wd-63d5870e321ab\" class=\"wd-text-block-wrapper wd-wpb wd-rs-63d5870e321ab color-scheme-custom text-left vc_custom_1674938135359\">\n\t\t\t\t<div class=\"woodmart-title-container woodmart-text-block reset-last-child font-primary wd-font-weight-400 \">\n\t\t\t\t\tIch sage, diese Website geh\u00f6rt uns, denn sie geh\u00f6rt uns allen, liebe Kinder und Eltern. Wir m\u00f6chten unsere Erfahrungen teilen und mit Ihren vergleichen. Wir m\u00f6chten, dass diese Gemeinschaft dazu beitr\u00e4gt, andere im Bereich seltener Krankheiten, Diagnosen und Syndrome aufzukl\u00e4ren. Wir wollen Ihnen und uns gleicherma\u00dfen helfen, liebe Freunde, damit wir uns alle gegenseitig helfen und unser Leben voll ausleben k\u00f6nnen.<\/p>\n<p>Haupts\u00e4chlich, um unsere sch\u00f6nen und gro\u00dfen Tr\u00e4ume zu erf\u00fcllen.\t\t\t\t<\/div>\n\n\t\t\t\t\t\t\t<\/div>\n\t\t[\/vc_column][vc_column width=&#8220;1\/2&#8243;][vc_single_image image=&#8220;8482&#8243; img_size=&#8220;full&#8220; alignment=&#8220;right&#8220; woodmart_inline=&#8220;no&#8220; parallax_scroll=&#8220;no&#8220;][\/vc_column][\/vc_row]<\/p>\n<\/section>","protected":false},"excerpt":{"rendered":"<p>[vc_row el_id=&#8220;my_world&#8220; mobile_bg_img_hidden=&#8220;no&#8220; tablet_bg_img_hidden=&#8220;no&#8220; woodmart_parallax=&#8220;0&#8243; woodmart_gradient_switch=&#8220;no&#8220; row_reverse_mobile=&#8220;0&#8243; row_reverse_tablet=&#8220;0&#8243; woodmart_disable_overflow=&#8220;0&#8243; css=&#8220;.vc_custom_1660645211722{padding-top: 120px !important;padding-bottom: 80px !important;}&#8220; el_class=&#8220;ocami-rodica&#8220;][vc_column width=&#8220;1\/2&#8243;][\/vc_column][vc_column width=&#8220;1\/2&#8243;][vc_single_image image=&#8220;8480&#8243; img_size=&#8220;full&#8220; alignment=&#8220;right&#8220;<\/p>\n","protected":false},"author":1,"featured_media":0,"parent":0,"menu_order":0,"comment_status":"closed","ping_status":"closed","template":"","meta":[],"yoast_head":"<!-- This site is optimized with the Yoast SEO plugin v19.13 - https:\/\/yoast.com\/wordpress\/plugins\/seo\/ -->\n<title>Leos Geschichte - Leushko<\/title>\n<meta name=\"robots\" content=\"index, follow, max-snippet:-1, max-image-preview:large, max-video-preview:-1\" \/>\n<link rel=\"canonical\" href=\"https:\/\/www.leushko.com\/de\/leos-geschichte\/\" \/>\n<meta property=\"og:locale\" content=\"de_DE\" \/>\n<meta property=\"og:type\" content=\"article\" \/>\n<meta property=\"og:title\" content=\"Leos Geschichte - Leushko\" \/>\n<meta property=\"og:description\" content=\"[vc_row el_id=&#8220;my_world&#8220; mobile_bg_img_hidden=&#8220;no&#8220; tablet_bg_img_hidden=&#8220;no&#8220; woodmart_parallax=&#8220;0&#8243; woodmart_gradient_switch=&#8220;no&#8220; row_reverse_mobile=&#8220;0&#8243; row_reverse_tablet=&#8220;0&#8243; woodmart_disable_overflow=&#8220;0&#8243; css=&#8220;.vc_custom_1660645211722{padding-top: 120px !important;padding-bottom: 80px !important;}&#8220; el_class=&#8220;ocami-rodica&#8220;][vc_column width=&#8220;1\/2&#8243;][\/vc_column][vc_column width=&#8220;1\/2&#8243;][vc_single_image image=&#8220;8480&#8243; img_size=&#8220;full&#8220; alignment=&#8220;right&#8220;\" \/>\n<meta property=\"og:url\" content=\"https:\/\/www.leushko.com\/de\/leos-geschichte\/\" \/>\n<meta property=\"og:site_name\" content=\"Leushko\" \/>\n<meta property=\"article:modified_time\" content=\"2023-01-28T20:36:20+00:00\" \/>\n<meta name=\"twitter:card\" content=\"summary_large_image\" \/>\n<meta name=\"twitter:label1\" content=\"Gesch\u00e4tzte Lesezeit\" \/>\n\t<meta name=\"twitter:data1\" content=\"3 Minuten\" \/>\n<script type=\"application\/ld+json\" class=\"yoast-schema-graph\">{\"@context\":\"https:\/\/schema.org\",\"@graph\":[{\"@type\":\"WebPage\",\"@id\":\"https:\/\/www.leushko.com\/de\/leos-geschichte\/\",\"url\":\"https:\/\/www.leushko.com\/de\/leos-geschichte\/\",\"name\":\"Leos Geschichte - Leushko\",\"isPartOf\":{\"@id\":\"https:\/\/www.leushko.com\/#website\"},\"datePublished\":\"2022-12-21T09:47:11+00:00\",\"dateModified\":\"2023-01-28T20:36:20+00:00\",\"breadcrumb\":{\"@id\":\"https:\/\/www.leushko.com\/de\/leos-geschichte\/#breadcrumb\"},\"inLanguage\":\"de-DE\",\"potentialAction\":[{\"@type\":\"ReadAction\",\"target\":[\"https:\/\/www.leushko.com\/de\/leos-geschichte\/\"]}]},{\"@type\":\"BreadcrumbList\",\"@id\":\"https:\/\/www.leushko.com\/de\/leos-geschichte\/#breadcrumb\",\"itemListElement\":[{\"@type\":\"ListItem\",\"position\":1,\"name\":\"Domovsk\u00e1 str\u00e1nka\",\"item\":\"https:\/\/www.leushko.com\/de\/\"},{\"@type\":\"ListItem\",\"position\":2,\"name\":\"Leos Geschichte\"}]},{\"@type\":\"WebSite\",\"@id\":\"https:\/\/www.leushko.com\/#website\",\"url\":\"https:\/\/www.leushko.com\/\",\"name\":\"Leushko\",\"description\":\"Just another WordPress site\",\"potentialAction\":[{\"@type\":\"SearchAction\",\"target\":{\"@type\":\"EntryPoint\",\"urlTemplate\":\"https:\/\/www.leushko.com\/?s={search_term_string}\"},\"query-input\":\"required name=search_term_string\"}],\"inLanguage\":\"de-DE\"}]}<\/script>\n<!-- \/ Yoast SEO plugin. -->","yoast_head_json":{"title":"Leos Geschichte - Leushko","robots":{"index":"index","follow":"follow","max-snippet":"max-snippet:-1","max-image-preview":"max-image-preview:large","max-video-preview":"max-video-preview:-1"},"canonical":"https:\/\/www.leushko.com\/de\/leos-geschichte\/","og_locale":"de_DE","og_type":"article","og_title":"Leos Geschichte - Leushko","og_description":"[vc_row el_id=&#8220;my_world&#8220; mobile_bg_img_hidden=&#8220;no&#8220; tablet_bg_img_hidden=&#8220;no&#8220; woodmart_parallax=&#8220;0&#8243; woodmart_gradient_switch=&#8220;no&#8220; row_reverse_mobile=&#8220;0&#8243; row_reverse_tablet=&#8220;0&#8243; woodmart_disable_overflow=&#8220;0&#8243; css=&#8220;.vc_custom_1660645211722{padding-top: 120px !important;padding-bottom: 80px !important;}&#8220; el_class=&#8220;ocami-rodica&#8220;][vc_column width=&#8220;1\/2&#8243;][\/vc_column][vc_column width=&#8220;1\/2&#8243;][vc_single_image image=&#8220;8480&#8243; img_size=&#8220;full&#8220; alignment=&#8220;right&#8220;","og_url":"https:\/\/www.leushko.com\/de\/leos-geschichte\/","og_site_name":"Leushko","article_modified_time":"2023-01-28T20:36:20+00:00","twitter_card":"summary_large_image","twitter_misc":{"Gesch\u00e4tzte Lesezeit":"3 Minuten"},"schema":{"@context":"https:\/\/schema.org","@graph":[{"@type":"WebPage","@id":"https:\/\/www.leushko.com\/de\/leos-geschichte\/","url":"https:\/\/www.leushko.com\/de\/leos-geschichte\/","name":"Leos Geschichte - Leushko","isPartOf":{"@id":"https:\/\/www.leushko.com\/#website"},"datePublished":"2022-12-21T09:47:11+00:00","dateModified":"2023-01-28T20:36:20+00:00","breadcrumb":{"@id":"https:\/\/www.leushko.com\/de\/leos-geschichte\/#breadcrumb"},"inLanguage":"de-DE","potentialAction":[{"@type":"ReadAction","target":["https:\/\/www.leushko.com\/de\/leos-geschichte\/"]}]},{"@type":"BreadcrumbList","@id":"https:\/\/www.leushko.com\/de\/leos-geschichte\/#breadcrumb","itemListElement":[{"@type":"ListItem","position":1,"name":"Domovsk\u00e1 str\u00e1nka","item":"https:\/\/www.leushko.com\/de\/"},{"@type":"ListItem","position":2,"name":"Leos Geschichte"}]},{"@type":"WebSite","@id":"https:\/\/www.leushko.com\/#website","url":"https:\/\/www.leushko.com\/","name":"Leushko","description":"Just another WordPress site","potentialAction":[{"@type":"SearchAction","target":{"@type":"EntryPoint","urlTemplate":"https:\/\/www.leushko.com\/?s={search_term_string}"},"query-input":"required name=search_term_string"}],"inLanguage":"de-DE"}]}},"_links":{"self":[{"href":"https:\/\/www.leushko.com\/de\/wp-json\/wp\/v2\/pages\/8712"}],"collection":[{"href":"https:\/\/www.leushko.com\/de\/wp-json\/wp\/v2\/pages"}],"about":[{"href":"https:\/\/www.leushko.com\/de\/wp-json\/wp\/v2\/types\/page"}],"author":[{"embeddable":true,"href":"https:\/\/www.leushko.com\/de\/wp-json\/wp\/v2\/users\/1"}],"replies":[{"embeddable":true,"href":"https:\/\/www.leushko.com\/de\/wp-json\/wp\/v2\/comments?post=8712"}],"version-history":[{"count":3,"href":"https:\/\/www.leushko.com\/de\/wp-json\/wp\/v2\/pages\/8712\/revisions"}],"predecessor-version":[{"id":8840,"href":"https:\/\/www.leushko.com\/de\/wp-json\/wp\/v2\/pages\/8712\/revisions\/8840"}],"wp:attachment":[{"href":"https:\/\/www.leushko.com\/de\/wp-json\/wp\/v2\/media?parent=8712"}],"curies":[{"name":"wp","href":"https:\/\/api.w.org\/{rel}","templated":true}]}}