{"id":8704,"date":"2022-08-16T08:35:37","date_gmt":"2022-08-16T08:35:37","guid":{"rendered":"https:\/\/www.leushko.com\/darovat\/"},"modified":"2023-02-10T13:28:07","modified_gmt":"2023-02-10T13:28:07","slug":"spende","status":"publish","type":"page","link":"https:\/\/www.leushko.com\/de\/spende\/","title":{"rendered":"Spende 2%"},"content":{"rendered":"<section class=\"wpb-content-wrapper\"><p>[vc_row css=&#8220;.vc_custom_1660640025752{padding-top: 60px !important;}&#8220; mobile_bg_img_hidden=&#8220;no&#8220; tablet_bg_img_hidden=&#8220;no&#8220; woodmart_parallax=&#8220;0&#8243; woodmart_gradient_switch=&#8220;no&#8220; row_reverse_mobile=&#8220;0&#8243; row_reverse_tablet=&#8220;0&#8243; woodmart_disable_overflow=&#8220;0&#8243;][vc_column]\t\t\t<div id=\"wd-63d58a14a5328\" class=\"wd-text-block-wrapper wd-wpb wd-rs-63d58a14a5328 color-scheme-custom text-center vc_custom_1674938903287 gluten-font\">\n\t\t\t\t<div class=\"woodmart-title-container woodmart-text-block reset-last-child font-primary wd-font-weight-300 \">\n\t\t\t\t\tSpende 2%\t\t\t\t<\/div>\n\n\t\t\t\t\t\t\t<\/div>\n\t\t\t\t\t<div id=\"wd-63d58a19e02ee\" class=\"wd-text-block-wrapper wd-wpb wd-rs-63d58a19e02ee color-scheme-custom text-center wd-width-enabled vc_custom_1674938915722\" style=\"--wd-max-width: 30%;\">\n\t\t\t\t<div class=\"woodmart-title-container woodmart-text-block reset-last-child font-primary wd-font-weight-400 \">\n\t\t\t\t\tSpenden Sie 2 % Ihrer Steuern und unterst\u00fctzen Sie Leos reibungslose Integration ins Leben.<\/p>\n<p>Ihre 2 % der Steuer k\u00f6nnen nur f\u00fcr das Jahr 2023 beantragt werden.\t\t\t\t<\/div>\n\n\t\t\t\t\t\t\t<\/div>\n\t\t[\/vc_column][\/vc_row][vc_row el_id=&#8220;zamestnanec-podnikatel&#8220; css=&#8220;.vc_custom_1660640031556{padding-top: 120px !important;padding-bottom: 120px !important;}&#8220; mobile_bg_img_hidden=&#8220;no&#8220; tablet_bg_img_hidden=&#8220;no&#8220; woodmart_parallax=&#8220;0&#8243; woodmart_gradient_switch=&#8220;no&#8220; row_reverse_mobile=&#8220;0&#8243; row_reverse_tablet=&#8220;0&#8243; woodmart_disable_overflow=&#8220;0&#8243;][vc_column width=&#8220;1\/2&#8243;]\t\t\t<div id=\"wd-63d58b67a41c3\" class=\"wd-text-block-wrapper wd-wpb wd-rs-63d58b67a41c3 color-scheme-custom text-left vc_custom_1674939241650\">\n\t\t\t\t<div class=\"woodmart-title-container woodmart-text-block reset-last-child font-primary wd-font-weight-400 \">\n\t\t\t\t\tMITARBEITER\t\t\t\t<\/div>\n\n\t\t\t\t\t\t\t<\/div>\n\t\t\t\t\t<div id=\"wd-63d58b8658e05\" class=\"wd-text-block-wrapper wd-wpb wd-rs-63d58b8658e05 color-scheme-custom text-left vc_custom_1674939271991 gluten-font\">\n\t\t\t\t<div class=\"woodmart-title-container woodmart-text-block reset-last-child font-primary wd-font-weight-400 \">\n\t\t\t\t\tSind Sie Angestellter?\t\t\t\t<\/div>\n\n\t\t\t\t\t\t\t<\/div>\n\t\t\t\t\t<div id=\"wd-63d58b8a18532\" class=\"wd-text-block-wrapper wd-wpb wd-rs-63d58b8a18532 color-scheme-custom text-left vc_custom_1674939279759\">\n\t\t\t\t<div class=\"woodmart-title-container woodmart-text-block reset-last-child font-primary wd-font-weight-400 \">\n\t\t\t\t\tWenden Sie sich einfach an den Arbeitgeber und fordern Sie eine Best\u00e4tigung der Steuerzahlung an. Dies ist bis zum 15. Februar erforderlich. Sie f\u00fcllen eine Erkl\u00e4rung zur Abf\u00fchrung von 2 % Steuern f\u00fcr 2022 aus und reichen beide Formulare beim n\u00e4chstgelegenen Finanzamt ein oder senden diese. Das ist alles \ud83d\ude0a\t\t\t\t<\/div>\n\n\t\t\t\t\t\t\t<\/div>\n\t\t[\/vc_column][vc_column width=&#8220;1\/2&#8243;]\t\t\t<div id=\"wd-63d58b92ad327\" class=\"wd-text-block-wrapper wd-wpb wd-rs-63d58b92ad327 color-scheme-custom text-left vc_custom_1674939286353\">\n\t\t\t\t<div class=\"woodmart-title-container woodmart-text-block reset-last-child font-primary wd-font-weight-400 \">\n\t\t\t\t\tUNTERNEHMER\t\t\t\t<\/div>\n\n\t\t\t\t\t\t\t<\/div>\n\t\t\t\t\t<div id=\"wd-63d58b98b410a\" class=\"wd-text-block-wrapper wd-wpb wd-rs-63d58b98b410a color-scheme-custom text-left vc_custom_1674939295080 gluten-font\">\n\t\t\t\t<div class=\"woodmart-title-container woodmart-text-block reset-last-child font-primary wd-font-weight-400 \">\n\t\t\t\t\tSie sind Unternehmer?\t\t\t\t<\/div>\n\n\t\t\t\t\t\t\t<\/div>\n\t\t\t\t\t<div id=\"wd-63e6465736dc4\" class=\"wd-text-block-wrapper wd-wpb wd-rs-63e6465736dc4 color-scheme-custom text-left vc_custom_1676035694211\">\n\t\t\t\t<div class=\"woodmart-title-container woodmart-text-block reset-last-child font-primary wd-font-weight-400 \">\n\t\t\t\t\tNach Berechnung der zu zahlenden Steuer finden Sie auf der n\u00e4chsten Seite eine Tabelle: Erkl\u00e4rung zur Abf\u00fchrung des gezahlten Steueranteils, wo Sie unsere Daten eingeben:<\/p>\n<p>ID: 42090393, Name: <span class=\"il\">Leo<\/span>\u00b4s\u00a0<span class=\"il\">Friends<\/span><\/p>\n<p>Wenn Sie Ihre Steuererkl\u00e4rung elektronisch abgeben, brauchen Sie sich um nichts weiter zu k\u00fcmmern.\t\t\t\t<\/div>\n\n\t\t\t\t\t\t\t<\/div>\n\t\t[\/vc_column][\/vc_row][vc_row woodmart_css_id=&#8220;6103ed6e1a900&#8243; responsive_spacing=&#8220;eyJwYXJhbV90eXBlIjoid29vZG1hcnRfcmVzcG9uc2l2ZV9zcGFjaW5nIiwic2VsZWN0b3JfaWQiOiI2MTAzZWQ2ZTFhOTAwIiwic2hvcnRjb2RlIjoidmNfcm93IiwiZGF0YSI6eyJ0YWJsZXQiOnsibWFyZ2luLWJvdHRvbSI6IjYwIn0sIm1vYmlsZSI6eyJtYXJnaW4tYm90dG9tIjoiNDAifX19&#8243; mobile_bg_img_hidden=&#8220;no&#8220; tablet_bg_img_hidden=&#8220;no&#8220; woodmart_parallax=&#8220;0&#8243; woodmart_gradient_switch=&#8220;no&#8220; row_reverse_mobile=&#8220;0&#8243; row_reverse_tablet=&#8220;0&#8243; woodmart_disable_overflow=&#8220;0&#8243; css=&#8220;.vc_custom_1660640224172{margin-bottom: 120px !important;background-position: center !important;background-repeat: no-repeat !important;background-size: cover !important;}&#8220; el_id=&#8220;podporte-nas-darovanim&#8220;][vc_column offset=&#8220;vc_col-lg-offset-1 vc_col-lg-10 vc_col-md-offset-1 vc_col-md-10 vc_col-sm-offset-0 vc_col-xs-12&#8243; mobile_bg_img_hidden=&#8220;no&#8220; tablet_bg_img_hidden=&#8220;no&#8220; woodmart_parallax=&#8220;0&#8243; woodmart_sticky_column=&#8220;false&#8220; parallax_scroll=&#8220;no&#8220; mobile_reset_margin=&#8220;no&#8220; tablet_reset_margin=&#8220;no&#8220; css=&#8220;.vc_custom_1660573407063{background-image: url(https:\/\/www.leushko.com\/wp-content\/uploads\/2022\/08\/gradient-banner.svg?id=8346) !important;background-position: center !important;background-repeat: no-repeat !important;background-size: cover !important;}&#8220; el_id=&#8220;gradient-slovnik&#8220;][vc_row_inner row_reverse_mobile=&#8220;0&#8243; row_reverse_tablet=&#8220;0&#8243;][vc_column_inner css=&#8220;.vc_custom_1660639326072{padding-top: 32px !important;padding-bottom: 32px !important;padding-left: 32px !important;}&#8220; offset=&#8220;vc_col-lg-12 vc_col-md-12 vc_col-xs-12&#8243;]\t\t\t<div id=\"wd-63d58bd94145c\" class=\"wd-text-block-wrapper wd-wpb wd-rs-63d58bd94145c color-scheme-light text-left vc_custom_1674939357542\">\n\t\t\t\t<div class=\"woodmart-title-container woodmart-text-block reset-last-child font-primary wd-font-weight-400 \">\n\t\t\t\t\tUNTERST\u00dcTZE UNS\t\t\t\t<\/div>\n\n\t\t\t\t\t\t\t<\/div>\n\t\t\t\t\t<div id=\"wd-63d58be009156\" class=\"wd-text-block-wrapper wd-wpb wd-rs-63d58be009156 color-scheme-light text-left vc_custom_1674939366990 gluten-font\">\n\t\t\t\t<div class=\"woodmart-title-container woodmart-text-block reset-last-child font-primary wd-font-weight-400 wd-fontsize-xl\">\n\t\t\t\t\tSie k\u00f6nnen uns auch \u00fcber ein transparentes Konto oder eine anonyme Spende unterst\u00fctzen.\t\t\t\t<\/div>\n\n\t\t\t\t\t\t\t<\/div>\n\t\t<div id=\"wd-63d58be9d31e5\" class=\" wd-rs-63d58be9d31e5  wd-button-wrapper text-center inline-element\"><a href=\"https:\/\/ib.vub.sk\/pch\/transparentne-ucty?iban=SK2502000000004670864359\" title=\"\" target=\"_blank\" class=\"btn btn-color-white btn-style-default btn-style-round btn-size-default\">Transparentes Konto<\/a><\/div><div id=\"wd-63d58bf65cc9d\" class=\" wd-rs-63d58bf65cc9d  wd-button-wrapper text-center inline-element\"><a href=\"https:\/\/www.leushko.com\/kontakt\/\" title=\"Kontakt\" class=\"btn btn-color-white btn-style-default btn-style-round btn-size-default\">Spenden Sie anonym<\/a><\/div>[\/vc_column_inner][\/vc_row_inner][\/vc_column][\/vc_row][vc_row css=&#8220;.vc_custom_1660630722814{padding-bottom: 120px !important;}&#8220; mobile_bg_img_hidden=&#8220;no&#8220; tablet_bg_img_hidden=&#8220;no&#8220; woodmart_parallax=&#8220;0&#8243; woodmart_gradient_switch=&#8220;no&#8220; row_reverse_mobile=&#8220;0&#8243; row_reverse_tablet=&#8220;0&#8243; woodmart_disable_overflow=&#8220;0&#8243; el_id=&#8220;contact-form&#8220;][vc_column]\t\t\t<div id=\"wd-63d58bfdb03a5\" class=\"wd-text-block-wrapper wd-wpb wd-rs-63d58bfdb03a5 color-scheme-custom text-center vc_custom_1674939401400 gluten-font\">\n\t\t\t\t<div class=\"woodmart-title-container woodmart-text-block reset-last-child font-primary wd-font-weight-400 \">\n\t\t\t\t\tBen\u00f6tigen Sie Beratung oder Unterst\u00fctzung?\t\t\t\t<\/div>\n\n\t\t\t\t\t\t\t<\/div>\n\t\t\t\t\t<div id=\"wd-63d58c0c0fbc8\" class=\"wd-text-block-wrapper wd-wpb wd-rs-63d58c0c0fbc8 color-scheme-custom text-center wd-width-enabled vc_custom_1674939408307\" style=\"--wd-max-width: 70%;\">\n\t\t\t\t<div class=\"woodmart-title-container woodmart-text-block reset-last-child font-primary wd-font-weight-400 \">\n\t\t\t\t\tZ\u00f6gern Sie nicht, uns zu kontaktieren\t\t\t\t<\/div>\n\n\t\t\t\t\t\t\t<\/div>\n\t\t<div class=\"wpcf7 no-js\" id=\"wpcf7-f8783-o1\" lang=\"de-DE\" dir=\"ltr\">\n<div class=\"screen-reader-response\"><p role=\"status\" aria-live=\"polite\" aria-atomic=\"true\"><\/p> <ul><\/ul><\/div>\n<form action=\"\/de\/wp-json\/wp\/v2\/pages\/8704#wpcf7-f8783-o1\" method=\"post\" class=\"wpcf7-form init\" aria-label=\"Kontaktformular\" novalidate=\"novalidate\" data-status=\"init\">\n<div style=\"display: none;\">\n<input type=\"hidden\" name=\"_wpcf7\" value=\"8783\" \/>\n<input type=\"hidden\" name=\"_wpcf7_version\" value=\"5.7.1\" \/>\n<input type=\"hidden\" name=\"_wpcf7_locale\" value=\"de_DE\" \/>\n<input type=\"hidden\" name=\"_wpcf7_unit_tag\" value=\"wpcf7-f8783-o1\" \/>\n<input type=\"hidden\" name=\"_wpcf7_container_post\" value=\"0\" \/>\n<input type=\"hidden\" name=\"_wpcf7_posted_data_hash\" value=\"\" \/>\n<\/div>\n<p><label>NAME<br \/>\n<span class=\"wpcf7-form-control-wrap\" data-name=\"your-name\"><input size=\"40\" class=\"wpcf7-form-control wpcf7-text wpcf7-validates-as-required\" aria-required=\"true\" aria-invalid=\"false\" value=\"\" type=\"text\" name=\"your-name\" \/><\/span> <\/label>\n<\/p>\n<div class=\"form-div\" style=\"display:flex;gap:30px; width:100%;\">\n\t<p><label style=\"width:100%\">TELEFONNUMMER<span class=\"wpcf7-form-control-wrap\" data-name=\"tel-number\"><input size=\"40\" class=\"wpcf7-form-control wpcf7-text wpcf7-tel wpcf7-validates-as-required wpcf7-validates-as-tel\" aria-required=\"true\" aria-invalid=\"false\" value=\"\" type=\"tel\" name=\"tel-number\" \/><\/span><\/label>\n\t<\/p>\n\t<p><label style=\"width:100%\">EMAIL<span class=\"wpcf7-form-control-wrap\" data-name=\"your-email\"><input size=\"40\" class=\"wpcf7-form-control wpcf7-text wpcf7-email wpcf7-validates-as-required wpcf7-validates-as-email\" aria-required=\"true\" aria-invalid=\"false\" value=\"\" type=\"email\" name=\"your-email\" \/><\/span> <\/label>\n\t<\/p>\n<\/div>\n<p><label>IHRE NACHRICHT<br \/>\n<span class=\"wpcf7-form-control-wrap\" data-name=\"your-message\"><textarea cols=\"40\" rows=\"10\" class=\"wpcf7-form-control wpcf7-textarea wpcf7-validates-as-required\" aria-required=\"true\" aria-invalid=\"false\" name=\"your-message\"><\/textarea><\/span> <\/label>\n<\/p>\n<div class=\"form-text\" style=\"display:flex;align-items:center; gap:32px\">\n\t<p><input class=\"wpcf7-form-control has-spinner wpcf7-submit\" type=\"submit\" value=\"Senden\" \/>\n\t<\/p>\n\t<p style=\"margin-bottom:0px;color:#878787;\">Wir verarbeiten Ihre personenbezogenen Daten, um Ihre Anfrage zu erf\u00fcllen.<br \/>\nWeitere Informationen finden Sie im <a class=\"privacy-policy-contact\" href=\"https:\/\/www.leushko.sk\/de\/grundsatze-des-datenschutzes\/\" style=\"text-decoration:underline;color:#1033AC;\">Abschnitt Datenschutz.<\/a>\n\t<\/p>\n<\/div><div class=\"wpcf7-response-output\" aria-hidden=\"true\"><\/div><\/form><\/div>[\/vc_column][\/vc_row]<\/p>\n<\/section>","protected":false},"excerpt":{"rendered":"<p>[vc_row css=&#8220;.vc_custom_1660640025752{padding-top: 60px !important;}&#8220; mobile_bg_img_hidden=&#8220;no&#8220; tablet_bg_img_hidden=&#8220;no&#8220; woodmart_parallax=&#8220;0&#8243; woodmart_gradient_switch=&#8220;no&#8220; row_reverse_mobile=&#8220;0&#8243; row_reverse_tablet=&#8220;0&#8243; woodmart_disable_overflow=&#8220;0&#8243;][vc_column][\/vc_column][\/vc_row][vc_row el_id=&#8220;zamestnanec-podnikatel&#8220; css=&#8220;.vc_custom_1660640031556{padding-top: 120px !important;padding-bottom: 120px !important;}&#8220; mobile_bg_img_hidden=&#8220;no&#8220; tablet_bg_img_hidden=&#8220;no&#8220; woodmart_parallax=&#8220;0&#8243;<\/p>\n","protected":false},"author":1,"featured_media":0,"parent":0,"menu_order":0,"comment_status":"closed","ping_status":"closed","template":"","meta":[],"yoast_head":"<!-- This site is optimized with the Yoast SEO plugin v19.13 - https:\/\/yoast.com\/wordpress\/plugins\/seo\/ -->\n<title>Spende 2% - Leushko<\/title>\n<meta name=\"robots\" content=\"index, follow, max-snippet:-1, max-image-preview:large, max-video-preview:-1\" \/>\n<link rel=\"canonical\" href=\"https:\/\/www.leushko.com\/de\/spende\/\" \/>\n<meta property=\"og:locale\" content=\"de_DE\" \/>\n<meta property=\"og:type\" content=\"article\" \/>\n<meta property=\"og:title\" content=\"Spende 2% - Leushko\" \/>\n<meta property=\"og:description\" content=\"[vc_row css=&#8220;.vc_custom_1660640025752{padding-top: 60px !important;}&#8220; mobile_bg_img_hidden=&#8220;no&#8220; tablet_bg_img_hidden=&#8220;no&#8220; woodmart_parallax=&#8220;0&#8243; woodmart_gradient_switch=&#8220;no&#8220; row_reverse_mobile=&#8220;0&#8243; row_reverse_tablet=&#8220;0&#8243; woodmart_disable_overflow=&#8220;0&#8243;][vc_column][\/vc_column][\/vc_row][vc_row el_id=&#8220;zamestnanec-podnikatel&#8220; css=&#8220;.vc_custom_1660640031556{padding-top: 120px !important;padding-bottom: 120px !important;}&#8220; mobile_bg_img_hidden=&#8220;no&#8220; tablet_bg_img_hidden=&#8220;no&#8220; woodmart_parallax=&#8220;0&#8243;\" \/>\n<meta property=\"og:url\" content=\"https:\/\/www.leushko.com\/de\/spende\/\" \/>\n<meta property=\"og:site_name\" content=\"Leushko\" \/>\n<meta property=\"article:modified_time\" content=\"2023-02-10T13:28:07+00:00\" \/>\n<meta name=\"twitter:card\" content=\"summary_large_image\" \/>\n<meta name=\"twitter:label1\" content=\"Gesch\u00e4tzte Lesezeit\" \/>\n\t<meta name=\"twitter:data1\" content=\"3 Minuten\" \/>\n<script type=\"application\/ld+json\" class=\"yoast-schema-graph\">{\"@context\":\"https:\/\/schema.org\",\"@graph\":[{\"@type\":\"WebPage\",\"@id\":\"https:\/\/www.leushko.com\/de\/spende\/\",\"url\":\"https:\/\/www.leushko.com\/de\/spende\/\",\"name\":\"Spende 2% - Leushko\",\"isPartOf\":{\"@id\":\"https:\/\/www.leushko.com\/#website\"},\"datePublished\":\"2022-08-16T08:35:37+00:00\",\"dateModified\":\"2023-02-10T13:28:07+00:00\",\"breadcrumb\":{\"@id\":\"https:\/\/www.leushko.com\/de\/spende\/#breadcrumb\"},\"inLanguage\":\"de-DE\",\"potentialAction\":[{\"@type\":\"ReadAction\",\"target\":[\"https:\/\/www.leushko.com\/de\/spende\/\"]}]},{\"@type\":\"BreadcrumbList\",\"@id\":\"https:\/\/www.leushko.com\/de\/spende\/#breadcrumb\",\"itemListElement\":[{\"@type\":\"ListItem\",\"position\":1,\"name\":\"Domovsk\u00e1 str\u00e1nka\",\"item\":\"https:\/\/www.leushko.com\/de\/\"},{\"@type\":\"ListItem\",\"position\":2,\"name\":\"Spende 2%\"}]},{\"@type\":\"WebSite\",\"@id\":\"https:\/\/www.leushko.com\/#website\",\"url\":\"https:\/\/www.leushko.com\/\",\"name\":\"Leushko\",\"description\":\"Just another WordPress site\",\"potentialAction\":[{\"@type\":\"SearchAction\",\"target\":{\"@type\":\"EntryPoint\",\"urlTemplate\":\"https:\/\/www.leushko.com\/?s={search_term_string}\"},\"query-input\":\"required name=search_term_string\"}],\"inLanguage\":\"de-DE\"}]}<\/script>\n<!-- \/ Yoast SEO plugin. -->","yoast_head_json":{"title":"Spende 2% - Leushko","robots":{"index":"index","follow":"follow","max-snippet":"max-snippet:-1","max-image-preview":"max-image-preview:large","max-video-preview":"max-video-preview:-1"},"canonical":"https:\/\/www.leushko.com\/de\/spende\/","og_locale":"de_DE","og_type":"article","og_title":"Spende 2% - Leushko","og_description":"[vc_row css=&#8220;.vc_custom_1660640025752{padding-top: 60px !important;}&#8220; mobile_bg_img_hidden=&#8220;no&#8220; tablet_bg_img_hidden=&#8220;no&#8220; woodmart_parallax=&#8220;0&#8243; woodmart_gradient_switch=&#8220;no&#8220; row_reverse_mobile=&#8220;0&#8243; row_reverse_tablet=&#8220;0&#8243; woodmart_disable_overflow=&#8220;0&#8243;][vc_column][\/vc_column][\/vc_row][vc_row el_id=&#8220;zamestnanec-podnikatel&#8220; css=&#8220;.vc_custom_1660640031556{padding-top: 120px !important;padding-bottom: 120px !important;}&#8220; mobile_bg_img_hidden=&#8220;no&#8220; tablet_bg_img_hidden=&#8220;no&#8220; woodmart_parallax=&#8220;0&#8243;","og_url":"https:\/\/www.leushko.com\/de\/spende\/","og_site_name":"Leushko","article_modified_time":"2023-02-10T13:28:07+00:00","twitter_card":"summary_large_image","twitter_misc":{"Gesch\u00e4tzte Lesezeit":"3 Minuten"},"schema":{"@context":"https:\/\/schema.org","@graph":[{"@type":"WebPage","@id":"https:\/\/www.leushko.com\/de\/spende\/","url":"https:\/\/www.leushko.com\/de\/spende\/","name":"Spende 2% - Leushko","isPartOf":{"@id":"https:\/\/www.leushko.com\/#website"},"datePublished":"2022-08-16T08:35:37+00:00","dateModified":"2023-02-10T13:28:07+00:00","breadcrumb":{"@id":"https:\/\/www.leushko.com\/de\/spende\/#breadcrumb"},"inLanguage":"de-DE","potentialAction":[{"@type":"ReadAction","target":["https:\/\/www.leushko.com\/de\/spende\/"]}]},{"@type":"BreadcrumbList","@id":"https:\/\/www.leushko.com\/de\/spende\/#breadcrumb","itemListElement":[{"@type":"ListItem","position":1,"name":"Domovsk\u00e1 str\u00e1nka","item":"https:\/\/www.leushko.com\/de\/"},{"@type":"ListItem","position":2,"name":"Spende 2%"}]},{"@type":"WebSite","@id":"https:\/\/www.leushko.com\/#website","url":"https:\/\/www.leushko.com\/","name":"Leushko","description":"Just another WordPress site","potentialAction":[{"@type":"SearchAction","target":{"@type":"EntryPoint","urlTemplate":"https:\/\/www.leushko.com\/?s={search_term_string}"},"query-input":"required name=search_term_string"}],"inLanguage":"de-DE"}]}},"_links":{"self":[{"href":"https:\/\/www.leushko.com\/de\/wp-json\/wp\/v2\/pages\/8704"}],"collection":[{"href":"https:\/\/www.leushko.com\/de\/wp-json\/wp\/v2\/pages"}],"about":[{"href":"https:\/\/www.leushko.com\/de\/wp-json\/wp\/v2\/types\/page"}],"author":[{"embeddable":true,"href":"https:\/\/www.leushko.com\/de\/wp-json\/wp\/v2\/users\/1"}],"replies":[{"embeddable":true,"href":"https:\/\/www.leushko.com\/de\/wp-json\/wp\/v2\/comments?post=8704"}],"version-history":[{"count":4,"href":"https:\/\/www.leushko.com\/de\/wp-json\/wp\/v2\/pages\/8704\/revisions"}],"predecessor-version":[{"id":8975,"href":"https:\/\/www.leushko.com\/de\/wp-json\/wp\/v2\/pages\/8704\/revisions\/8975"}],"wp:attachment":[{"href":"https:\/\/www.leushko.com\/de\/wp-json\/wp\/v2\/media?parent=8704"}],"curies":[{"name":"wp","href":"https:\/\/api.w.org\/{rel}","templated":true}]}}